{"id":27026,"date":"2025-09-10T14:25:48","date_gmt":"2025-09-10T12:25:48","guid":{"rendered":"https:\/\/stollar.eu\/uncategorized\/kapsulnaya-kofemashina-the-multi-slim-cafe-sem350\/"},"modified":"2025-09-12T11:24:26","modified_gmt":"2025-09-12T09:24:26","slug":"kapsulnaya-kofemashina-the-multi-slim-cafe-sem350","status":"publish","type":"product","link":"https:\/\/stollar.eu\/ru\/kofejnye-ustrojstva\/kapsulnaya-kofemashina-the-multi-slim-cafe-sem350\/","title":{"rendered":"\u041a\u0430\u043f\u0441\u0443\u043b\u044c\u043d\u0430\u044f \u043a\u043e\u0444\u0435\u043c\u0430\u0448\u0438\u043d\u0430 the Multi Slim Caf\u00e9 SEM350"},"content":{"rendered":"","protected":false},"excerpt":{"rendered":"<h2>\u041a\u043e\u0444\u0435\u043c\u0430\u0448\u0438\u043d\u0430 5-\u0432-1 \u0434\u043b\u044f \u043a\u0430\u043f\u0441\u0443\u043b, \u043a\u043e\u0444\u0435\u0439\u043d\u044b\u0445 \u0442\u0430\u0431\u043b\u0435\u0442\u043e\u043a \u0438 \u043c\u043e\u043b\u043e\u0442\u043e\u0433\u043e \u043a\u043e\u0444\u0435.<\/h2>\n<ul>\n<li>\u041c\u043d\u043e\u0433\u043e\u0444\u0443\u043d\u043a\u0446\u0438\u043e\u043d\u0430\u043b\u044c\u043d\u043e\u0435 \u0443\u0441\u0442\u0440\u043e\u0439\u0441\u0442\u0432\u043e 5 \u0432 1: \u043a\u043e\u0444\u0435\u0439\u043d\u044b\u0435 \u043a\u0430\u043f\u0441\u0443\u043b\u044b Modo Mio\u00ae, Nespresso\u00ae, Dolce Gusto\u00ae \u0438 ESE *<\/li>\n<li>\u041c\u043e\u0449\u043d\u044b\u0439 \u043d\u0430\u0433\u0440\u0435\u0432\u0430\u0442\u0435\u043b\u044c\u043d\u044b\u0439 \u044d\u043b\u0435\u043c\u0435\u043d\u0442 1350 \u0412\u0442 \u0441 \u0440\u0435\u0436\u0438\u043c\u043e\u043c \u044d\u043d\u0435\u0440\u0433\u043e\u0441\u0431\u0435\u0440\u0435\u0436\u0435\u043d\u0438\u044f<\/li>\n<li>\u041d\u0430\u0441\u043e\u0441 19 \u0431\u0430\u0440 \u0434\u043b\u044f \u0438\u0434\u0435\u0430\u043b\u044c\u043d\u043e\u0439 \u044d\u043a\u0441\u0442\u0440\u0430\u043a\u0446\u0438\u0438<\/li>\n<li>\u0421\u044a\u0451\u043c\u043d\u044b\u0439 \u0440\u0435\u0437\u0435\u0440\u0432\u0443\u0430\u0440 \u0434\u043b\u044f \u0432\u043e\u0434\u044b \u043e\u0431\u044a\u0451\u043c\u043e\u043c 0,7 \u043b<\/li>\n<li>\u0421\u0435\u043d\u0441\u043e\u0440\u043d\u0430\u044f \u043f\u0430\u043d\u0435\u043b\u044c \u0443\u043f\u0440\u0430\u0432\u043b\u0435\u043d\u0438\u044f<\/li>\n<li>\u042d\u0441\u043f\u0440\u0435\u0441\u0441\u043e \u0438\u043b\u0438 \u0430\u043c\u0435\u0440\u0438\u043a\u0430\u043d\u043e \u043e\u0434\u043d\u0438\u043c \u043d\u0430\u0436\u0430\u0442\u0438\u0435\u043c<\/li>\n<li>\u041f\u0440\u043e\u0433\u0440\u0430\u043c\u043c\u0438\u0440\u0443\u0435\u043c\u044b\u0439 \u043e\u0431\u044a\u0435\u043c \u0432\u043e\u0434\u044b<\/li>\n<li>\u0421\u044a\u0435\u043c\u043d\u044b\u0439 \u043f\u043e\u0434\u0434\u043e\u043d \u0434\u043b\u044f \u0441\u0431\u043e\u0440\u0430 \u043a\u0430\u043f\u0435\u043b\u044c<\/li>\n<li>\u0413\u0430\u0440\u0430\u043d\u0442\u0438\u044f \u043d\u0430 \u043f\u0440\u043e\u0434\u0443\u043a\u0442 2 \u0433\u043e\u0434\u0430<\/li>\n<\/ul>\n<p><span style=\"font-size: 12px; line-height: 14px !important;\">A Modo Mio\u00ae \u044f\u0432\u043b\u044f\u0435\u0442\u0441\u044f \u0437\u0430\u0440\u0435\u0433\u0438\u0441\u0442\u0440\u0438\u0440\u043e\u0432\u0430\u043d\u043d\u044b\u043c \u0442\u043e\u0432\u0430\u0440\u043d\u044b\u043c \u0437\u043d\u0430\u043a\u043e\u043c \u043a\u043e\u043c\u043f\u0430\u043d\u0438\u0438 Luigi Lavazza S.p.A. Nespresso\u00ae \u0438 Dolce Gusto\u00ae \u044f\u0432\u043b\u044f\u044e\u0442\u0441\u044f \u0437\u0430\u0440\u0435\u0433\u0438\u0441\u0442\u0440\u0438\u0440\u043e\u0432\u0430\u043d\u043d\u044b\u043c\u0438 \u0442\u043e\u0432\u0430\u0440\u043d\u044b\u043c\u0438 \u0437\u043d\u0430\u043a\u0430\u043c\u0438 \u043a\u043e\u043c\u043f\u0430\u043d\u0438\u0438 Soci\u00e9t\u00e9 Des Produits Nestl\u00e9 S.A. E.S.E \u044f\u0432\u043b\u044f\u0435\u0442\u0441\u044f \u043a\u043e\u043b\u043b\u0435\u043a\u0442\u0438\u0432\u043d\u044b\u043c \u0442\u043e\u0432\u0430\u0440\u043d\u044b\u043c \u0437\u043d\u0430\u043a\u043e\u043c Consortium for the Development and Protection of the E.S.E. Standard. \u0412\u0441\u0435 \u0442\u043e\u0432\u0430\u0440\u043d\u044b\u0435 \u0437\u043d\u0430\u043a\u0438 \u043f\u0440\u0438\u043d\u0430\u0434\u043b\u0435\u0436\u0430\u0442 \u0438\u0445 \u0441\u043e\u043e\u0442\u0432\u0435\u0442\u0441\u0442\u0432\u0443\u044e\u0449\u0438\u043c \u0432\u043b\u0430\u0434\u0435\u043b\u044c\u0446\u0430\u043c \u0438 \u043d\u0435 \u0441\u0432\u044f\u0437\u0430\u043d\u044b \u0441\u043e Stollar \u0438\u043b\u0438 B.T.U. Company.    <\/span><\/p>\n","protected":false},"featured_media":27004,"template":"","meta":{"_acf_changed":false},"product_brand":[],"product_cat":[349],"product_tag":[],"class_list":{"0":"post-27026","1":"product","2":"type-product","3":"status-publish","4":"has-post-thumbnail","6":"product_cat-kofejnye-ustrojstva","8":"first","9":"instock","10":"taxable","11":"shipping-taxable","12":"purchasable","13":"product-type-simple"},"acf":[],"_links":{"self":[{"href":"https:\/\/stollar.eu\/ru\/wp-json\/wp\/v2\/product\/27026","targetHints":{"allow":["GET"]}}],"collection":[{"href":"https:\/\/stollar.eu\/ru\/wp-json\/wp\/v2\/product"}],"about":[{"href":"https:\/\/stollar.eu\/ru\/wp-json\/wp\/v2\/types\/product"}],"version-history":[{"count":0,"href":"https:\/\/stollar.eu\/ru\/wp-json\/wp\/v2\/product\/27026\/revisions"}],"wp:featuredmedia":[{"embeddable":true,"href":"https:\/\/stollar.eu\/ru\/wp-json\/wp\/v2\/media\/27004"}],"wp:attachment":[{"href":"https:\/\/stollar.eu\/ru\/wp-json\/wp\/v2\/media?parent=27026"}],"wp:term":[{"taxonomy":"product_brand","embeddable":true,"href":"https:\/\/stollar.eu\/ru\/wp-json\/wp\/v2\/product_brand?post=27026"},{"taxonomy":"product_cat","embeddable":true,"href":"https:\/\/stollar.eu\/ru\/wp-json\/wp\/v2\/product_cat?post=27026"},{"taxonomy":"product_tag","embeddable":true,"href":"https:\/\/stollar.eu\/ru\/wp-json\/wp\/v2\/product_tag?post=27026"}],"curies":[{"name":"wp","href":"https:\/\/api.w.org\/{rel}","templated":true}]}}