{"id":28145,"date":"2026-04-22T15:20:25","date_gmt":"2026-04-22T14:20:25","guid":{"rendered":"https:\/\/ao9qt3crk3-staging.onrocket.site\/be-kategorijos\/the-slim-cafe-solo-espreso-kavos-aparatas-sem770\/"},"modified":"2026-04-22T15:20:25","modified_gmt":"2026-04-22T14:20:25","slug":"the-slim-cafe-solo-espreso-kavos-aparatas-sem770","status":"publish","type":"product","link":"https:\/\/stollar.eu\/lt\/kavos-prietaisai\/the-slim-cafe-solo-espreso-kavos-aparatas-sem770\/","title":{"rendered":"the Slim Caf\u00e9 Solo espreso kavos aparatas SEM770"},"content":{"rendered":"","protected":false},"excerpt":{"rendered":"<h2>Itin kompakti\u0161kas visi\u0161kai automatizuotas espreso kavos aparatas.<\/h2>\n<ul>\n<li class=\"whitespace-normal break-words pl-2\">Galingas 19 bar\u0173 sl\u0117gio vandens siurblys<\/li>\n<li class=\"whitespace-normal break-words pl-2\">1,5 litro lengvai i\u0161imamas vandens bakelis<\/li>\n<li class=\"whitespace-normal break-words pl-2\">150 g pupeli\u0173 indas<\/li>\n<li class=\"whitespace-normal break-words pl-2\">Lengvai naudojamas lietimui jautrus skydelis<\/li>\n<li class=\"whitespace-normal break-words pl-2\">Ner\u016bdijan\u010dio plieno mal\u016bn\u0117lis su penkiomis \u0161lifavimo pakopomis<\/li>\n<li class=\"whitespace-normal break-words pl-2\">1420-1690 W<\/li>\n<li class=\"whitespace-normal break-words pl-2\">2 met\u0173 produkto garantija<\/li>\n<\/ul>\n","protected":false},"featured_media":28119,"template":"","meta":{"_acf_changed":false},"product_brand":[],"product_cat":[236],"product_tag":[],"class_list":{"0":"post-28145","1":"product","2":"type-product","3":"status-publish","4":"has-post-thumbnail","6":"product_cat-kavos-prietaisai","8":"first","9":"instock","10":"taxable","11":"shipping-taxable","12":"purchasable","13":"product-type-simple"},"acf":[],"_links":{"self":[{"href":"https:\/\/stollar.eu\/lt\/wp-json\/wp\/v2\/product\/28145","targetHints":{"allow":["GET"]}}],"collection":[{"href":"https:\/\/stollar.eu\/lt\/wp-json\/wp\/v2\/product"}],"about":[{"href":"https:\/\/stollar.eu\/lt\/wp-json\/wp\/v2\/types\/product"}],"version-history":[{"count":0,"href":"https:\/\/stollar.eu\/lt\/wp-json\/wp\/v2\/product\/28145\/revisions"}],"wp:featuredmedia":[{"embeddable":true,"href":"https:\/\/stollar.eu\/lt\/wp-json\/wp\/v2\/media\/28119"}],"wp:attachment":[{"href":"https:\/\/stollar.eu\/lt\/wp-json\/wp\/v2\/media?parent=28145"}],"wp:term":[{"taxonomy":"product_brand","embeddable":true,"href":"https:\/\/stollar.eu\/lt\/wp-json\/wp\/v2\/product_brand?post=28145"},{"taxonomy":"product_cat","embeddable":true,"href":"https:\/\/stollar.eu\/lt\/wp-json\/wp\/v2\/product_cat?post=28145"},{"taxonomy":"product_tag","embeddable":true,"href":"https:\/\/stollar.eu\/lt\/wp-json\/wp\/v2\/product_tag?post=28145"}],"curies":[{"name":"wp","href":"https:\/\/api.w.org\/{rel}","templated":true}]}}