{"id":27945,"date":"2026-03-26T16:24:12","date_gmt":"2026-03-26T15:24:12","guid":{"rendered":"https:\/\/stollar.eu\/be-kategorijos\/the-salt-pepper-ssp300\/"},"modified":"2026-03-26T16:30:04","modified_gmt":"2026-03-26T15:30:04","slug":"the-salt-pepper-ssp300","status":"publish","type":"product","link":"https:\/\/stollar.eu\/lt\/prieskoniu-maluneliai\/the-salt-pepper-ssp300\/","title":{"rendered":"the Salt &amp; Pepper mal\u016bn\u0117liai SSP300"},"content":{"rendered":"","protected":false},"excerpt":{"rendered":"<h2 class=\"font-claude-response-body break-words whitespace-normal leading-[1.7]\">Druskos ir pipir\u0173 mal\u016bn\u0117li\u0173 komplektas su \u012fkraunamu akumuliatoriumi.<\/h2>\n<ul class=\"[li_&amp;]:mb-0 [li_&amp;]:mt-1 [li_&amp;]:gap-1 [&amp;:not(:last-child)_ul]:pb-1 [&amp;:not(:last-child)_ol]:pb-1 list-disc flex flex-col gap-1 pl-8 mb-3\">\n<li class=\"whitespace-normal break-words pl-2\">Skaidrus 30 ml talpos indelis<\/li>\n<li class=\"whitespace-normal break-words pl-2\">\u012ekraunamas Li-Ion akumuliatorius<\/li>\n<li class=\"whitespace-normal break-words pl-2\">USB type C \u012fkrovimo lizdas<\/li>\n<li class=\"whitespace-normal break-words pl-2\">USB type C kabelis pridedamas<\/li>\n<li class=\"whitespace-normal break-words pl-2\">Reguliuojamas malimo rupumas<\/li>\n<li class=\"whitespace-normal break-words pl-2\">Keraminiai malimo girnos<\/li>\n<li class=\"whitespace-normal break-words pl-2\">Patogi laikymo pagrindas<\/li>\n<li class=\"whitespace-normal break-words pl-2\">2 met\u0173 garantija<\/li>\n<\/ul>\n","protected":false},"featured_media":27713,"template":"","meta":{"_acf_changed":false},"product_brand":[],"product_cat":[406],"product_tag":[],"class_list":{"0":"post-27945","1":"product","2":"type-product","3":"status-publish","4":"has-post-thumbnail","6":"product_cat-prieskoniu-maluneliai","8":"first","9":"instock","10":"taxable","11":"shipping-taxable","12":"purchasable","13":"product-type-simple"},"acf":[],"_links":{"self":[{"href":"https:\/\/stollar.eu\/lt\/wp-json\/wp\/v2\/product\/27945","targetHints":{"allow":["GET"]}}],"collection":[{"href":"https:\/\/stollar.eu\/lt\/wp-json\/wp\/v2\/product"}],"about":[{"href":"https:\/\/stollar.eu\/lt\/wp-json\/wp\/v2\/types\/product"}],"version-history":[{"count":1,"href":"https:\/\/stollar.eu\/lt\/wp-json\/wp\/v2\/product\/27945\/revisions"}],"predecessor-version":[{"id":27961,"href":"https:\/\/stollar.eu\/lt\/wp-json\/wp\/v2\/product\/27945\/revisions\/27961"}],"wp:featuredmedia":[{"embeddable":true,"href":"https:\/\/stollar.eu\/lt\/wp-json\/wp\/v2\/media\/27713"}],"wp:attachment":[{"href":"https:\/\/stollar.eu\/lt\/wp-json\/wp\/v2\/media?parent=27945"}],"wp:term":[{"taxonomy":"product_brand","embeddable":true,"href":"https:\/\/stollar.eu\/lt\/wp-json\/wp\/v2\/product_brand?post=27945"},{"taxonomy":"product_cat","embeddable":true,"href":"https:\/\/stollar.eu\/lt\/wp-json\/wp\/v2\/product_cat?post=27945"},{"taxonomy":"product_tag","embeddable":true,"href":"https:\/\/stollar.eu\/lt\/wp-json\/wp\/v2\/product_tag?post=27945"}],"curies":[{"name":"wp","href":"https:\/\/api.w.org\/{rel}","templated":true}]}}