{"id":27516,"date":"2026-02-11T18:44:29","date_gmt":"2026-02-11T16:44:29","guid":{"rendered":"https:\/\/stollar.eu\/be-kategorijos\/the-dual-smart-air-fry-karsto-oro-gruzdintuve-air812\/"},"modified":"2026-02-11T18:44:29","modified_gmt":"2026-02-11T16:44:29","slug":"the-dual-smart-air-fry-karsto-oro-gruzdintuve-air812","status":"publish","type":"product","link":"https:\/\/stollar.eu\/lt\/karsto-oro-gruzdintuves\/the-dual-smart-air-fry-karsto-oro-gruzdintuve-air812\/","title":{"rendered":"the Dual Smart Air Fry kar\u0161to oro gruzdintuv\u0117 AIR812"},"content":{"rendered":"","protected":false},"excerpt":{"rendered":"<h2 class=\"font-claude-response-body break-words whitespace-normal leading-[1.7]\">Kar\u0161to oro gruzdintuv\u0117 su dviem 6 litr\u0173 krep\u0161eliais, patogiai valdomu jutikliniu ekranu ir sinchronizuoto u\u017ebaigimo funkcija. Apr\u016bpinta Dual Smart Air Fry kar\u0161to oro cirkuliacijos sistema, \u0161i gruzdintuv\u0117 leid\u017eia kepti, grilinti, gaminti ir \u0161ildyti palankius sveikatai, neriebius patiekalus visai \u0161eimai, o du atskiri krep\u0161eliai leid\u017eia vienu metu paruo\u0161ti du skirtingus patiekalus. Naudokite SYNC funkcij\u0105, kad gaminimas baigt\u0173si vienu metu.  <\/h2>\n<ul class=\"[li_&amp;]:mb-0 [li_&amp;]:mt-1 [li_&amp;]:gap-1 [&amp;:not(:last-child)_ul]:pb-1 [&amp;:not(:last-child)_ol]:pb-1 list-disc flex flex-col gap-1 pl-8 mb-3\">\n<li class=\"whitespace-normal break-words pl-2\">Informatyvus LED ekranas su jutikliniu valdymu<\/li>\n<li class=\"whitespace-normal break-words pl-2\">10 automati\u0161kai nustatom\u0173 program\u0173<\/li>\n<li class=\"whitespace-normal break-words pl-2\">Du 6 l nespalvota danga padengti krep\u0161eliai su pad\u0117klu ir i\u0161imamu stovu<\/li>\n<li class=\"whitespace-normal break-words pl-2\">Temperat\u016bra 40\u2013230 \u00b0C<\/li>\n<li class=\"whitespace-normal break-words pl-2\">Laikmatis iki 8 valand\u0173<\/li>\n<li class=\"whitespace-normal break-words pl-2\">Greita kar\u0161to oro cirkuliacijos sistema<\/li>\n<li class=\"whitespace-normal break-words pl-2\">SYNC funkcija gaminimo baigimui abiejuose krep\u0161eliuose vienu metu<\/li>\n<li class=\"whitespace-normal break-words pl-2\">Maisto dehidratacijos programa<\/li>\n<li class=\"whitespace-normal break-words pl-2\">Korpusas su \u0161altu lie\u010diamu k\u016bnu<\/li>\n<li class=\"whitespace-normal break-words pl-2\">Didelis 2800 W galingumas<\/li>\n<li class=\"whitespace-normal break-words pl-2\">2 met\u0173 produkto garantija<\/li>\n<\/ul>\n","protected":false},"featured_media":27500,"template":"","meta":{"_acf_changed":false},"product_brand":[],"product_cat":[436],"product_tag":[],"class_list":{"0":"post-27516","1":"product","2":"type-product","3":"status-publish","4":"has-post-thumbnail","6":"product_cat-karsto-oro-gruzdintuves","8":"first","9":"instock","10":"taxable","11":"shipping-taxable","12":"purchasable","13":"product-type-simple"},"acf":[],"_links":{"self":[{"href":"https:\/\/stollar.eu\/lt\/wp-json\/wp\/v2\/product\/27516","targetHints":{"allow":["GET"]}}],"collection":[{"href":"https:\/\/stollar.eu\/lt\/wp-json\/wp\/v2\/product"}],"about":[{"href":"https:\/\/stollar.eu\/lt\/wp-json\/wp\/v2\/types\/product"}],"version-history":[{"count":0,"href":"https:\/\/stollar.eu\/lt\/wp-json\/wp\/v2\/product\/27516\/revisions"}],"wp:featuredmedia":[{"embeddable":true,"href":"https:\/\/stollar.eu\/lt\/wp-json\/wp\/v2\/media\/27500"}],"wp:attachment":[{"href":"https:\/\/stollar.eu\/lt\/wp-json\/wp\/v2\/media?parent=27516"}],"wp:term":[{"taxonomy":"product_brand","embeddable":true,"href":"https:\/\/stollar.eu\/lt\/wp-json\/wp\/v2\/product_brand?post=27516"},{"taxonomy":"product_cat","embeddable":true,"href":"https:\/\/stollar.eu\/lt\/wp-json\/wp\/v2\/product_cat?post=27516"},{"taxonomy":"product_tag","embeddable":true,"href":"https:\/\/stollar.eu\/lt\/wp-json\/wp\/v2\/product_tag?post=27516"}],"curies":[{"name":"wp","href":"https:\/\/api.w.org\/{rel}","templated":true}]}}