{"id":27473,"date":"2026-01-29T18:23:13","date_gmt":"2026-01-29T16:23:13","guid":{"rendered":"https:\/\/stollar.eu\/be-kategorijos\/the-blend-more-maisytuvas-stb820\/"},"modified":"2026-01-29T18:38:54","modified_gmt":"2026-01-29T16:38:54","slug":"the-blend-more-maisytuvas-stb820","status":"publish","type":"product","link":"https:\/\/stollar.eu\/lt\/plaktuvai\/the-blend-more-maisytuvas-stb820\/","title":{"rendered":"the Blend &amp; More mai\u0161ytuvas STB820"},"content":{"rendered":"","protected":false},"excerpt":{"rendered":"<h2 class=\"font-claude-response-body break-words whitespace-normal leading-[1.7]\">Galingas 1500 W mai\u0161ytuvas su kei\u010diamu grei\u010diu, 0,6 l kelioninio blenderio puodeliu ir daugiafunkciu apdorojimo dubeniu.<\/h2>\n<ul class=\"[li_&amp;]:mb-0 [li_&amp;]:mt-1 [li_&amp;]:gap-1 [&amp;:not(:last-child)_ul]:pb-1 [&amp;:not(:last-child)_ol]:pb-1 list-disc flex flex-col gap-1 pl-8 mb-3\">\n<li class=\"whitespace-normal break-words pl-2\">Galingas 1500 W variklis<\/li>\n<li class=\"whitespace-normal break-words pl-2\">Maksimalus 21000 RPM na\u0161umas<\/li>\n<li class=\"whitespace-normal break-words pl-2\">6 i\u0161 anksto sudarytos vieno prisilietimo programos \u2013 SMOOTHIE (tir\u0161tasis kokteilis), JUICE (sultys), PUREE (tyr\u0117), ICE CREAM (valgomieji ledai), ICE &amp; CRUSH (ledo smulkinimas) ir CLEAN (valymas)<\/li>\n<li class=\"whitespace-normal break-words pl-2\">1,75 l blenderio \u0105sotis<\/li>\n<li class=\"whitespace-normal break-words pl-2\">0,6 l kelioninio blenderio puodelis<\/li>\n<li class=\"whitespace-normal break-words pl-2\">Didelis 1,8 l daugiafunkcis apdorojimo dubuo<\/li>\n<li class=\"whitespace-normal break-words pl-2\">4 ner\u016bdijan\u010diojo plieno diskai: grie\u017ein\u0117liams pjaustyti, tarkuoti, bulvyt\u0117ms pjaustyti ir bulv\u0117ms tarkuoti<\/li>\n<li class=\"whitespace-normal break-words pl-2\">Citrusini\u0173 vaisi\u0173 spaudimo priedas<\/li>\n<li class=\"whitespace-normal break-words pl-2\">Emulsavimo diskas<\/li>\n<li class=\"whitespace-normal break-words pl-2\">Daugiafunkcis smulkinimo peilis<\/li>\n<li class=\"whitespace-normal break-words pl-2\">Te\u0161los minkymo peilis<\/li>\n<li class=\"whitespace-normal break-words pl-2\">Apsauga nuo perkaitimo<\/li>\n<li class=\"whitespace-normal break-words pl-2\">2 met\u0173 produkto garantija<\/li>\n<\/ul>\n","protected":false},"featured_media":27452,"template":"","meta":{"_acf_changed":false},"product_brand":[],"product_cat":[405],"product_tag":[],"class_list":{"0":"post-27473","1":"product","2":"type-product","3":"status-publish","4":"has-post-thumbnail","6":"product_cat-plaktuvai","8":"first","9":"instock","10":"taxable","11":"shipping-taxable","12":"purchasable","13":"product-type-simple"},"acf":[],"_links":{"self":[{"href":"https:\/\/stollar.eu\/lt\/wp-json\/wp\/v2\/product\/27473","targetHints":{"allow":["GET"]}}],"collection":[{"href":"https:\/\/stollar.eu\/lt\/wp-json\/wp\/v2\/product"}],"about":[{"href":"https:\/\/stollar.eu\/lt\/wp-json\/wp\/v2\/types\/product"}],"version-history":[{"count":0,"href":"https:\/\/stollar.eu\/lt\/wp-json\/wp\/v2\/product\/27473\/revisions"}],"wp:featuredmedia":[{"embeddable":true,"href":"https:\/\/stollar.eu\/lt\/wp-json\/wp\/v2\/media\/27452"}],"wp:attachment":[{"href":"https:\/\/stollar.eu\/lt\/wp-json\/wp\/v2\/media?parent=27473"}],"wp:term":[{"taxonomy":"product_brand","embeddable":true,"href":"https:\/\/stollar.eu\/lt\/wp-json\/wp\/v2\/product_brand?post=27473"},{"taxonomy":"product_cat","embeddable":true,"href":"https:\/\/stollar.eu\/lt\/wp-json\/wp\/v2\/product_cat?post=27473"},{"taxonomy":"product_tag","embeddable":true,"href":"https:\/\/stollar.eu\/lt\/wp-json\/wp\/v2\/product_tag?post=27473"}],"curies":[{"name":"wp","href":"https:\/\/api.w.org\/{rel}","templated":true}]}}