{"id":27440,"date":"2026-01-29T17:40:57","date_gmt":"2026-01-29T15:40:57","guid":{"rendered":"https:\/\/stollar.eu\/be-kategorijos\/the-blendcrush-maisytuvas-stb800\/"},"modified":"2026-01-29T17:40:57","modified_gmt":"2026-01-29T15:40:57","slug":"the-blendcrush-maisytuvas-stb800","status":"publish","type":"product","link":"https:\/\/stollar.eu\/lt\/plaktuvai\/the-blendcrush-maisytuvas-stb800\/","title":{"rendered":"the Blend&amp;Crush mai\u0161ytuvas STB800"},"content":{"rendered":"","protected":false},"excerpt":{"rendered":"<h2 class=\"font-claude-response-body break-words whitespace-normal leading-[1.7]\">Galingas 1800 W mai\u0161ytuvas su kei\u010diamu grei\u010diu, jutikliniu ekranu ir 1,5 litro stikline taure.<\/h2>\n<ul class=\"[li_&amp;]:mb-0 [li_&amp;]:mt-1 [li_&amp;]:gap-1 [&amp;:not(:last-child)_ul]:pb-1 [&amp;:not(:last-child)_ol]:pb-1 list-disc flex flex-col gap-1 pl-8 mb-3\">\n<li class=\"whitespace-normal break-words pl-2\">Galingas 1800 W variklis<\/li>\n<li class=\"whitespace-normal break-words pl-2\">Maksimalus 21000 RPM na\u0161umas<\/li>\n<li class=\"whitespace-normal break-words pl-2\">6 i\u0161 anksto sudarytos vieno prisilietimo programos \u2013 SMOOTHIE (tir\u0161tasis kokteilis), ICE &amp; CRUSH (ledo smulkinimas), VEG &amp; FRUIT (dar\u017eov\u0117s ir vaisiai), PUREE (tyr\u0117), ICE CREAM (valgomieji ledai) ir CLEAN (valymas)<\/li>\n<li class=\"whitespace-normal break-words pl-2\">I\u0161imamas ner\u016bdijan\u010dio plieno peilis<\/li>\n<li class=\"whitespace-normal break-words pl-2\">Talpi 1,5 litro stiklin\u0117 taur\u0117<\/li>\n<li class=\"whitespace-normal break-words pl-2\">Kei\u010diamas grei\u010dio valdymas<\/li>\n<li class=\"whitespace-normal break-words pl-2\">Matinis ner\u016bdijan\u010dio plieno korpusas<\/li>\n<li class=\"whitespace-normal break-words pl-2\">Perkaitimo apsauga ir saugos u\u017eraktas<\/li>\n<li class=\"whitespace-normal break-words pl-2\">2 met\u0173 produkto garantija<\/li>\n<\/ul>\n","protected":false},"featured_media":27435,"template":"","meta":{"_acf_changed":false},"product_brand":[],"product_cat":[405],"product_tag":[],"class_list":{"0":"post-27440","1":"product","2":"type-product","3":"status-publish","4":"has-post-thumbnail","6":"product_cat-plaktuvai","8":"first","9":"instock","10":"taxable","11":"shipping-taxable","12":"purchasable","13":"product-type-simple"},"acf":[],"_links":{"self":[{"href":"https:\/\/stollar.eu\/lt\/wp-json\/wp\/v2\/product\/27440","targetHints":{"allow":["GET"]}}],"collection":[{"href":"https:\/\/stollar.eu\/lt\/wp-json\/wp\/v2\/product"}],"about":[{"href":"https:\/\/stollar.eu\/lt\/wp-json\/wp\/v2\/types\/product"}],"version-history":[{"count":0,"href":"https:\/\/stollar.eu\/lt\/wp-json\/wp\/v2\/product\/27440\/revisions"}],"wp:featuredmedia":[{"embeddable":true,"href":"https:\/\/stollar.eu\/lt\/wp-json\/wp\/v2\/media\/27435"}],"wp:attachment":[{"href":"https:\/\/stollar.eu\/lt\/wp-json\/wp\/v2\/media?parent=27440"}],"wp:term":[{"taxonomy":"product_brand","embeddable":true,"href":"https:\/\/stollar.eu\/lt\/wp-json\/wp\/v2\/product_brand?post=27440"},{"taxonomy":"product_cat","embeddable":true,"href":"https:\/\/stollar.eu\/lt\/wp-json\/wp\/v2\/product_cat?post=27440"},{"taxonomy":"product_tag","embeddable":true,"href":"https:\/\/stollar.eu\/lt\/wp-json\/wp\/v2\/product_tag?post=27440"}],"curies":[{"name":"wp","href":"https:\/\/api.w.org\/{rel}","templated":true}]}}