{"id":27367,"date":"2026-01-10T18:47:43","date_gmt":"2026-01-10T16:47:43","guid":{"rendered":"https:\/\/stollar.eu\/be-kategorijos\/the-power-grind-mesmale-bmg500\/"},"modified":"2026-01-10T18:47:43","modified_gmt":"2026-01-10T16:47:43","slug":"the-power-grind-mesmale-bmg500","status":"publish","type":"product","link":"https:\/\/stollar.eu\/lt\/mesmales\/the-power-grind-mesmale-bmg500\/","title":{"rendered":"the Power Grind m\u0117smal\u0117 BMG500"},"content":{"rendered":"","protected":false},"excerpt":{"rendered":"<h3>Galinga 1800 W m\u0117smal\u0117 su 3 malimo diskais ir auk\u0161tos kokyb\u0117s besisukan\u010diu maisto smulkintuvu su tradiciniais pjaustymo, smulkinimo ir kapojimo cilindrais dar\u017eov\u0117ms, salotoms, s\u016briams ir rie\u0161utams.<\/h3>\n<ul>\n<li>Did\u017eiausia galia 1800 W<\/li>\n<li>\u012ejungimo\/i\u0161jungimo ir reverso re\u017eimo mygtukai<\/li>\n<li>Ner\u016bdijan\u010dio plieno diskai smulkiam, vidutiniam ir stambiam malimui<\/li>\n<li>Lengvai valomas plastikinis korpusas<\/li>\n<li>Neslystan\u010dios gumin\u0117s kojel\u0117s saugesniam naudojimui<\/li>\n<li>Didelis ner\u016bdijan\u010dio plieno produkt\u0173 padavimo vamzdis<\/li>\n<li>Universalus de\u0161r\u0173 antgalis, puikiai tinka virtos de\u0161rel\u0117ms ir libanie\u010di\u0173 de\u0161roms<\/li>\n<li>Rotacinis maisto smulkintuvas su pjaustymo, smulkinimo ir kapojimo cilindrais ir maisto st\u016bmikliu papildomam saugumui<\/li>\n<li>Automatinis saugos jungiklis<\/li>\n<li>2 met\u0173 produkto garantija<\/li>\n<\/ul>\n","protected":false},"featured_media":27388,"template":"","meta":{"_acf_changed":false},"product_brand":[],"product_cat":[429],"product_tag":[],"class_list":{"0":"post-27367","1":"product","2":"type-product","3":"status-publish","4":"has-post-thumbnail","6":"product_cat-mesmales","8":"first","9":"instock","10":"taxable","11":"shipping-taxable","12":"purchasable","13":"product-type-simple"},"acf":[],"_links":{"self":[{"href":"https:\/\/stollar.eu\/lt\/wp-json\/wp\/v2\/product\/27367","targetHints":{"allow":["GET"]}}],"collection":[{"href":"https:\/\/stollar.eu\/lt\/wp-json\/wp\/v2\/product"}],"about":[{"href":"https:\/\/stollar.eu\/lt\/wp-json\/wp\/v2\/types\/product"}],"version-history":[{"count":0,"href":"https:\/\/stollar.eu\/lt\/wp-json\/wp\/v2\/product\/27367\/revisions"}],"wp:featuredmedia":[{"embeddable":true,"href":"https:\/\/stollar.eu\/lt\/wp-json\/wp\/v2\/media\/27388"}],"wp:attachment":[{"href":"https:\/\/stollar.eu\/lt\/wp-json\/wp\/v2\/media?parent=27367"}],"wp:term":[{"taxonomy":"product_brand","embeddable":true,"href":"https:\/\/stollar.eu\/lt\/wp-json\/wp\/v2\/product_brand?post=27367"},{"taxonomy":"product_cat","embeddable":true,"href":"https:\/\/stollar.eu\/lt\/wp-json\/wp\/v2\/product_cat?post=27367"},{"taxonomy":"product_tag","embeddable":true,"href":"https:\/\/stollar.eu\/lt\/wp-json\/wp\/v2\/product_tag?post=27367"}],"curies":[{"name":"wp","href":"https:\/\/api.w.org\/{rel}","templated":true}]}}