{"id":27258,"date":"2025-12-11T13:26:44","date_gmt":"2025-12-11T11:26:44","guid":{"rendered":"https:\/\/stollar.eu\/be-kategorijos\/the-active-life-maisytuvas-snb800\/"},"modified":"2026-02-24T22:55:20","modified_gmt":"2026-02-24T20:55:20","slug":"the-active-life-maisytuvas-snb800","status":"publish","type":"product","link":"https:\/\/stollar.eu\/lt\/plaktuvai\/the-active-life-maisytuvas-snb800\/","title":{"rendered":"the Active Life mai\u0161ytuvas SNB800"},"content":{"rendered":"","protected":false},"excerpt":{"rendered":"<h2>Galingas 1200 W be BPA mai\u0161ytuvas su smulkinimo \u0105so\u010diu. the Active Life Mai\u0161ytuvas idealiai tinka kokteili\u0173 ir sriub\u0173 mai\u0161ymui ar prieskoni\u0173 ir rie\u0161ut\u0173 smulkinimui. Jis puikiai tinka aktyviam gyvenimui!  <\/h2>\n<ul>\n<li>Galingas 1200 W variklis<\/li>\n<li>Maksimalus na\u0161umas 19 000 aps.\/min.<\/li>\n<li>Be BPA 1 litro Tritan\u00ae mai\u0161ymo \u0105sotis, galima plauti indaplov\u0117je<\/li>\n<li>Be BPA 0,45 litro Tritan\u00ae smulkinimo \u0105sotis, galima plauti indaplov\u0117je<\/li>\n<li>Valdymo skydelis su impulso re\u017eimo mygtuku<\/li>\n<li>Atlenkiamas dangtis ir laikymo dang\u010diai<\/li>\n<li>Kry\u017eminio ir plok\u0161\u010dio peilio mai\u0161ymo pagrindai<\/li>\n<li>2 met\u0173 produkto garantija<\/li>\n<\/ul>\n","protected":false},"featured_media":27223,"template":"","meta":{"_acf_changed":false},"product_brand":[],"product_cat":[405],"product_tag":[],"class_list":{"0":"post-27258","1":"product","2":"type-product","3":"status-publish","4":"has-post-thumbnail","6":"product_cat-plaktuvai","8":"first","9":"instock","10":"featured","11":"taxable","12":"shipping-taxable","13":"purchasable","14":"product-type-simple"},"acf":[],"_links":{"self":[{"href":"https:\/\/stollar.eu\/lt\/wp-json\/wp\/v2\/product\/27258","targetHints":{"allow":["GET"]}}],"collection":[{"href":"https:\/\/stollar.eu\/lt\/wp-json\/wp\/v2\/product"}],"about":[{"href":"https:\/\/stollar.eu\/lt\/wp-json\/wp\/v2\/types\/product"}],"version-history":[{"count":0,"href":"https:\/\/stollar.eu\/lt\/wp-json\/wp\/v2\/product\/27258\/revisions"}],"wp:featuredmedia":[{"embeddable":true,"href":"https:\/\/stollar.eu\/lt\/wp-json\/wp\/v2\/media\/27223"}],"wp:attachment":[{"href":"https:\/\/stollar.eu\/lt\/wp-json\/wp\/v2\/media?parent=27258"}],"wp:term":[{"taxonomy":"product_brand","embeddable":true,"href":"https:\/\/stollar.eu\/lt\/wp-json\/wp\/v2\/product_brand?post=27258"},{"taxonomy":"product_cat","embeddable":true,"href":"https:\/\/stollar.eu\/lt\/wp-json\/wp\/v2\/product_cat?post=27258"},{"taxonomy":"product_tag","embeddable":true,"href":"https:\/\/stollar.eu\/lt\/wp-json\/wp\/v2\/product_tag?post=27258"}],"curies":[{"name":"wp","href":"https:\/\/api.w.org\/{rel}","templated":true}]}}