{"id":27216,"date":"2025-12-11T13:04:01","date_gmt":"2025-12-11T11:04:01","guid":{"rendered":"https:\/\/stollar.eu\/be-kategorijos\/the-fruit-veggie-juicer-sulciaspaude-jes500\/"},"modified":"2025-12-11T13:04:01","modified_gmt":"2025-12-11T11:04:01","slug":"the-fruit-veggie-juicer-sulciaspaude-jes500","status":"publish","type":"product","link":"https:\/\/stollar.eu\/lt\/sulciaspaudes\/the-fruit-veggie-juicer-sulciaspaude-jes500\/","title":{"rendered":"the Fruit &amp; Veggie Juicer sul\u010diaspaud\u0117 JES500"},"content":{"rendered":"","protected":false},"excerpt":{"rendered":"<h2>Kompakti\u0161ka 600 W sul\u010diaspaud\u0117 su 65 mm pla\u010diu padavimo lataku.<\/h2>\n<ul>\n<li>65 mm platus padavimo latakas<\/li>\n<li>Galingas 600 W variklis<\/li>\n<li>0,6 litro sul\u010di\u0173 indas<\/li>\n<li>Didel\u0117 1,5 litro talpa mink\u0161timui surinkti<\/li>\n<li>Apdorojimo greitis iki 15000 aps.\/min<\/li>\n<li>Apsauginis fiksavimo ranken\u0117l\u0117 vartotojo apsaugai<\/li>\n<li>2 grei\u010di\u0173 valdymas mink\u0161tiems ir kieti produktams<\/li>\n<li>Apsauga nuo perkaitimo<\/li>\n<li>2 met\u0173 produkto garantija<\/li>\n<\/ul>\n","protected":false},"featured_media":27201,"template":"","meta":{"_acf_changed":false},"product_brand":[],"product_cat":[451],"product_tag":[],"class_list":{"0":"post-27216","1":"product","2":"type-product","3":"status-publish","4":"has-post-thumbnail","6":"product_cat-sulciaspaudes","8":"first","9":"instock","10":"taxable","11":"shipping-taxable","12":"purchasable","13":"product-type-simple"},"acf":[],"_links":{"self":[{"href":"https:\/\/stollar.eu\/lt\/wp-json\/wp\/v2\/product\/27216","targetHints":{"allow":["GET"]}}],"collection":[{"href":"https:\/\/stollar.eu\/lt\/wp-json\/wp\/v2\/product"}],"about":[{"href":"https:\/\/stollar.eu\/lt\/wp-json\/wp\/v2\/types\/product"}],"version-history":[{"count":0,"href":"https:\/\/stollar.eu\/lt\/wp-json\/wp\/v2\/product\/27216\/revisions"}],"wp:featuredmedia":[{"embeddable":true,"href":"https:\/\/stollar.eu\/lt\/wp-json\/wp\/v2\/media\/27201"}],"wp:attachment":[{"href":"https:\/\/stollar.eu\/lt\/wp-json\/wp\/v2\/media?parent=27216"}],"wp:term":[{"taxonomy":"product_brand","embeddable":true,"href":"https:\/\/stollar.eu\/lt\/wp-json\/wp\/v2\/product_brand?post=27216"},{"taxonomy":"product_cat","embeddable":true,"href":"https:\/\/stollar.eu\/lt\/wp-json\/wp\/v2\/product_cat?post=27216"},{"taxonomy":"product_tag","embeddable":true,"href":"https:\/\/stollar.eu\/lt\/wp-json\/wp\/v2\/product_tag?post=27216"}],"curies":[{"name":"wp","href":"https:\/\/api.w.org\/{rel}","templated":true}]}}