{"id":27192,"date":"2025-12-09T16:13:24","date_gmt":"2025-12-09T14:13:24","guid":{"rendered":"https:\/\/stollar.eu\/be-kategorijos\/the-express-wave-mikrobangu-krosnele-smv650\/"},"modified":"2025-12-09T16:17:10","modified_gmt":"2025-12-09T14:17:10","slug":"the-express-wave-mikrobangu-krosnele-smv650","status":"publish","type":"product","link":"https:\/\/stollar.eu\/lt\/mikrobangu-krosneles\/the-express-wave-mikrobangu-krosnele-smv650\/","title":{"rendered":"the Express Wave mikrobang\u0173 krosnel\u0117 SMV650"},"content":{"rendered":"","protected":false},"excerpt":{"rendered":"<h2>Kompakti\u0161ka 20 litr\u0173 talpos mikrobang\u0173 krosnel\u0117 su intuityviu valdymu.<\/h2>\n<ul>\n<li>700 W mikrobang\u0173 krosnel\u0117s galia<\/li>\n<li>Kompakti\u0161kas 20 litr\u0173 dizainas<\/li>\n<li>245 mm stiklo pad\u0117klas<\/li>\n<li>Meniu ir laiko reguliavimo suktukas su greito \u012fjungimo \u017eymeniu<\/li>\n<li>Lengvas atitirpinimas<\/li>\n<li>Valdymo skydelis su patogiais funkcij\u0173 mygtukais<\/li>\n<li>Informatyvus LCD ekranas<\/li>\n<li>Durys su apsauginiu jungikliu<\/li>\n<li>Apsauginis krosnel\u0117s langelis<\/li>\n<li>2 met\u0173 produkto garantija<\/li>\n<\/ul>\n","protected":false},"featured_media":27183,"template":"","meta":{"_acf_changed":false},"product_brand":[],"product_cat":[479],"product_tag":[],"class_list":{"0":"post-27192","1":"product","2":"type-product","3":"status-publish","4":"has-post-thumbnail","6":"product_cat-mikrobangu-krosneles","8":"first","9":"instock","10":"taxable","11":"shipping-taxable","12":"purchasable","13":"product-type-simple"},"acf":[],"_links":{"self":[{"href":"https:\/\/stollar.eu\/lt\/wp-json\/wp\/v2\/product\/27192","targetHints":{"allow":["GET"]}}],"collection":[{"href":"https:\/\/stollar.eu\/lt\/wp-json\/wp\/v2\/product"}],"about":[{"href":"https:\/\/stollar.eu\/lt\/wp-json\/wp\/v2\/types\/product"}],"version-history":[{"count":0,"href":"https:\/\/stollar.eu\/lt\/wp-json\/wp\/v2\/product\/27192\/revisions"}],"wp:featuredmedia":[{"embeddable":true,"href":"https:\/\/stollar.eu\/lt\/wp-json\/wp\/v2\/media\/27183"}],"wp:attachment":[{"href":"https:\/\/stollar.eu\/lt\/wp-json\/wp\/v2\/media?parent=27192"}],"wp:term":[{"taxonomy":"product_brand","embeddable":true,"href":"https:\/\/stollar.eu\/lt\/wp-json\/wp\/v2\/product_brand?post=27192"},{"taxonomy":"product_cat","embeddable":true,"href":"https:\/\/stollar.eu\/lt\/wp-json\/wp\/v2\/product_cat?post=27192"},{"taxonomy":"product_tag","embeddable":true,"href":"https:\/\/stollar.eu\/lt\/wp-json\/wp\/v2\/product_tag?post=27192"}],"curies":[{"name":"wp","href":"https:\/\/api.w.org\/{rel}","templated":true}]}}