{"id":27033,"date":"2025-09-10T13:14:59","date_gmt":"2025-09-10T11:14:59","guid":{"rendered":"https:\/\/stollar.eu\/be-kategorijos\/the-multi-food-processor-virtuvinis-kombainas-spp900\/"},"modified":"2025-12-19T18:27:13","modified_gmt":"2025-12-19T16:27:13","slug":"the-multi-food-processor-virtuvinis-kombainas-spp900","status":"publish","type":"product","link":"https:\/\/stollar.eu\/lt\/virtuviniai-kombainai\/the-multi-food-processor-virtuvinis-kombainas-spp900\/","title":{"rendered":"the Multi Food Processor virtuvinis kombainas SPP900"},"content":{"rendered":"","protected":false},"excerpt":{"rendered":"<h2 class=\"p1\">Galingas 1300 W virtuvinis kombainas su 5 automatin\u0117mis programomis, 14 pried\u0173 ir reguliuojamu grei\u010diu.<\/h2>\n<ul>\n<li>Jutiklinis valdymas 5 automatin\u0117ms programoms<\/li>\n<li>Didel\u0117s talpos 3 litr\u0173 dubuo<\/li>\n<li>1,5 litro talpos stiklinis mai\u0161ytuvo \u0105sotis<\/li>\n<li>Ma\u017easis mal\u016bn\u0117lis (tik sausiems produktams)<\/li>\n<li>4 ner\u016bdijan\u010diojo plieno diskai: grie\u017ein\u0117liams pjaustyti, tarkuoti, bulvyt\u0117ms pjaustyti ir bulv\u0117ms tarkuoti<\/li>\n<li>Te\u0161los minkymo peilis ir daugiafunkcinis smulkintuvas<\/li>\n<li>Priedas su dviem plaktuvais<\/li>\n<li>Citrusini\u0173 vaisi\u0173 sul\u010diaspaud\u0117s priedas<\/li>\n<li>Centrifugin\u0117 sul\u010diaspaud\u0117<\/li>\n<li>Emulsavimo diskas<\/li>\n<li>Keli\u0173 dyd\u017ei\u0173 maitinimo vamzdeliai tiksliems rezultatams<\/li>\n<li>Reguliuojamas greitis<\/li>\n<li>Pried\u0173 laikymo d\u0117\u017e\u0117<\/li>\n<li>2 met\u0173 produkto garantija<\/li>\n<\/ul>\n","protected":false},"featured_media":26974,"template":"","meta":{"_acf_changed":false},"product_brand":[],"product_cat":[408],"product_tag":[],"class_list":{"0":"post-27033","1":"product","2":"type-product","3":"status-publish","4":"has-post-thumbnail","6":"product_cat-virtuviniai-kombainai","8":"first","9":"instock","10":"featured","11":"taxable","12":"shipping-taxable","13":"purchasable","14":"product-type-simple"},"acf":[],"_links":{"self":[{"href":"https:\/\/stollar.eu\/lt\/wp-json\/wp\/v2\/product\/27033","targetHints":{"allow":["GET"]}}],"collection":[{"href":"https:\/\/stollar.eu\/lt\/wp-json\/wp\/v2\/product"}],"about":[{"href":"https:\/\/stollar.eu\/lt\/wp-json\/wp\/v2\/types\/product"}],"version-history":[{"count":0,"href":"https:\/\/stollar.eu\/lt\/wp-json\/wp\/v2\/product\/27033\/revisions"}],"wp:featuredmedia":[{"embeddable":true,"href":"https:\/\/stollar.eu\/lt\/wp-json\/wp\/v2\/media\/26974"}],"wp:attachment":[{"href":"https:\/\/stollar.eu\/lt\/wp-json\/wp\/v2\/media?parent=27033"}],"wp:term":[{"taxonomy":"product_brand","embeddable":true,"href":"https:\/\/stollar.eu\/lt\/wp-json\/wp\/v2\/product_brand?post=27033"},{"taxonomy":"product_cat","embeddable":true,"href":"https:\/\/stollar.eu\/lt\/wp-json\/wp\/v2\/product_cat?post=27033"},{"taxonomy":"product_tag","embeddable":true,"href":"https:\/\/stollar.eu\/lt\/wp-json\/wp\/v2\/product_tag?post=27033"}],"curies":[{"name":"wp","href":"https:\/\/api.w.org\/{rel}","templated":true}]}}