{"id":27024,"date":"2025-09-10T14:25:48","date_gmt":"2025-09-10T12:25:48","guid":{"rendered":"https:\/\/stollar.eu\/be-kategorijos\/the-multi-slim-cafe-kapsuliu-kavos-aparatas-sem350\/"},"modified":"2025-09-12T11:11:49","modified_gmt":"2025-09-12T09:11:49","slug":"the-multi-slim-cafe-kapsuliu-kavos-aparatas-sem350","status":"publish","type":"product","link":"https:\/\/stollar.eu\/lt\/kavos-prietaisai\/the-multi-slim-cafe-kapsuliu-kavos-aparatas-sem350\/","title":{"rendered":"the Multi Slim Caf\u00e9 kapsuli\u0173 kavos aparatas SEM350"},"content":{"rendered":"","protected":false},"excerpt":{"rendered":"<h2>5-in-1 kavos aparatas kapsul\u0117ms, kavos tablet\u0117ms ir maltai kavai.<\/h2>\n<ul>\n<li>5-in-1 daugiafunkcis: A Modo Mio\u00ae, Nespresso\u00ae, Dolce Gusto\u00ae ir E.S.E. kavos tablet\u0117s *<\/li>\n<li>Galingas 1350 W \u0161ildymo elementas su energijos taupymo re\u017eimu<\/li>\n<li>19 bar\u0173 sl\u0117gio siurblys tobulai ekstrakcijai<\/li>\n<li>0,7 litro lengvai i\u0161imamas vandens bakelis<\/li>\n<li>Jutiklinis valdymo skydelis<\/li>\n<li>Vienu mygtuku \u2013 espreso arba americano<\/li>\n<li>Programuojamas vandens kiekis<\/li>\n<li>Nuimamas la\u0161\u0173 pad\u0117klas<\/li>\n<li>2 met\u0173 produkto garantija<\/li>\n<\/ul>\n<p><span style=\"font-size: 12px; line-height: 14px !important;\">A Modo Mio\u00ae yra \u201eLuigi Lavazza S.p.A.\u201c registruotas preki\u0173 \u017eenklas. Nespresso\u00ae ir Dolce Gusto\u00ae yra \u201eSoci\u00e9t\u00e9 Des Produits Nestl\u00e9 S.A.\u201c registruoti preki\u0173 \u017eenklai. E.S.E yra \u201eConsortium for the Development and Protection of the E.S.E. Standard\u201c kolektyvinis preki\u0173 \u017eenklas. Visi preki\u0173 \u017eenklai priklauso j\u0173 atitinkamiems savininkams ir n\u0117ra susij\u0119 su \u201eStollar\u201c ar \u201eB.T.U. Company\u201c.    <\/span><\/p>\n","protected":false},"featured_media":27003,"template":"","meta":{"_acf_changed":false},"product_brand":[],"product_cat":[236],"product_tag":[],"class_list":{"0":"post-27024","1":"product","2":"type-product","3":"status-publish","4":"has-post-thumbnail","6":"product_cat-kavos-prietaisai","8":"first","9":"instock","10":"taxable","11":"shipping-taxable","12":"purchasable","13":"product-type-simple"},"acf":[],"_links":{"self":[{"href":"https:\/\/stollar.eu\/lt\/wp-json\/wp\/v2\/product\/27024","targetHints":{"allow":["GET"]}}],"collection":[{"href":"https:\/\/stollar.eu\/lt\/wp-json\/wp\/v2\/product"}],"about":[{"href":"https:\/\/stollar.eu\/lt\/wp-json\/wp\/v2\/types\/product"}],"version-history":[{"count":0,"href":"https:\/\/stollar.eu\/lt\/wp-json\/wp\/v2\/product\/27024\/revisions"}],"wp:featuredmedia":[{"embeddable":true,"href":"https:\/\/stollar.eu\/lt\/wp-json\/wp\/v2\/media\/27003"}],"wp:attachment":[{"href":"https:\/\/stollar.eu\/lt\/wp-json\/wp\/v2\/media?parent=27024"}],"wp:term":[{"taxonomy":"product_brand","embeddable":true,"href":"https:\/\/stollar.eu\/lt\/wp-json\/wp\/v2\/product_brand?post=27024"},{"taxonomy":"product_cat","embeddable":true,"href":"https:\/\/stollar.eu\/lt\/wp-json\/wp\/v2\/product_cat?post=27024"},{"taxonomy":"product_tag","embeddable":true,"href":"https:\/\/stollar.eu\/lt\/wp-json\/wp\/v2\/product_tag?post=27024"}],"curies":[{"name":"wp","href":"https:\/\/api.w.org\/{rel}","templated":true}]}}