{"id":26763,"date":"2025-07-31T08:09:21","date_gmt":"2025-07-31T06:09:21","guid":{"rendered":"https:\/\/stollar.eu\/be-kategorijos\/maisto-produktu-dziovintuvas-the-rapid-food-dryer-dhs806\/"},"modified":"2025-07-31T08:09:21","modified_gmt":"2025-07-31T06:09:21","slug":"maisto-produktu-dziovintuvas-the-rapid-food-dryer-dhs806","status":"publish","type":"product","link":"https:\/\/stollar.eu\/lt\/maisto-dziovintuvai\/maisto-produktu-dziovintuvas-the-rapid-food-dryer-dhs806\/","title":{"rendered":"Maisto produkt\u0173 d\u017eiovintuvas the Rapid Food Dryer DHS806"},"content":{"rendered":"","protected":false},"excerpt":{"rendered":"<h2>600 W galinga maisto d\u017eiovykl\u0117 su 6 metalin\u0117mis lentynomis.<\/h2>\n<ul>\n<li>6 ner\u016bdijan\u010dio plieno d\u017eiovinimo lentynos<\/li>\n<li>Galingas 600 W kaitinimo elementas<\/li>\n<li>Reguliuojama 35-75 \u00b0C temperat\u016bra<\/li>\n<li>Efektyvi kar\u0161to oro cirkuliacijos sistema<\/li>\n<li>Nustatomas 24 valand\u0173 laikmatis<\/li>\n<li>Tylus veikimas<\/li>\n<li>Automatinis i\u0161jungimas<\/li>\n<li>Lengvai naudojamas valdymo skydelis<\/li>\n<li>Ypa\u010d didelis skaidrus langas<\/li>\n<li>2 met\u0173 produkto garantija<\/li>\n<\/ul>\n","protected":false},"featured_media":26747,"template":"","meta":{"_acf_changed":false},"product_brand":[],"product_cat":[426],"product_tag":[],"class_list":{"0":"post-26763","1":"product","2":"type-product","3":"status-publish","4":"has-post-thumbnail","6":"product_cat-maisto-dziovintuvai","8":"first","9":"instock","10":"featured","11":"taxable","12":"shipping-taxable","13":"purchasable","14":"product-type-simple"},"acf":[],"_links":{"self":[{"href":"https:\/\/stollar.eu\/lt\/wp-json\/wp\/v2\/product\/26763","targetHints":{"allow":["GET"]}}],"collection":[{"href":"https:\/\/stollar.eu\/lt\/wp-json\/wp\/v2\/product"}],"about":[{"href":"https:\/\/stollar.eu\/lt\/wp-json\/wp\/v2\/types\/product"}],"version-history":[{"count":0,"href":"https:\/\/stollar.eu\/lt\/wp-json\/wp\/v2\/product\/26763\/revisions"}],"wp:featuredmedia":[{"embeddable":true,"href":"https:\/\/stollar.eu\/lt\/wp-json\/wp\/v2\/media\/26747"}],"wp:attachment":[{"href":"https:\/\/stollar.eu\/lt\/wp-json\/wp\/v2\/media?parent=26763"}],"wp:term":[{"taxonomy":"product_brand","embeddable":true,"href":"https:\/\/stollar.eu\/lt\/wp-json\/wp\/v2\/product_brand?post=26763"},{"taxonomy":"product_cat","embeddable":true,"href":"https:\/\/stollar.eu\/lt\/wp-json\/wp\/v2\/product_cat?post=26763"},{"taxonomy":"product_tag","embeddable":true,"href":"https:\/\/stollar.eu\/lt\/wp-json\/wp\/v2\/product_tag?post=26763"}],"curies":[{"name":"wp","href":"https:\/\/api.w.org\/{rel}","templated":true}]}}