{"id":26727,"date":"2024-07-20T14:17:07","date_gmt":"2024-07-20T12:17:07","guid":{"rendered":"https:\/\/stollar.eu\/be-kategorijos\/the-multi-food-processor-virtuvinis-kombainas-spp600\/"},"modified":"2025-07-29T14:50:01","modified_gmt":"2025-07-29T12:50:01","slug":"the-multi-food-processor-virtuvinis-kombainas-spp600","status":"publish","type":"product","link":"https:\/\/stollar.eu\/lt\/virtuviniai-kombainai\/the-multi-food-processor-virtuvinis-kombainas-spp600\/","title":{"rendered":"the Multi Food Processor virtuvinis kombainas SPP600"},"content":{"rendered":"","protected":false},"excerpt":{"rendered":"<h2>\u041cirtuvinis kombainas su reguliuojamu grei\u010diu.<\/h2>\n<ul>\n<li>2 grei\u010diai ir impulsinis re\u017eimas<\/li>\n<li>1,2 l mai\u0161ymo indas su rankena<\/li>\n<li>1500 ml stiklinis mai\u0161ytuvo \u0105sotis<\/li>\n<li>4 ner\u016bdijan\u010diojo plieno diskai: grie\u017ein\u0117liams pjaustyti, tarkuoti, bulvyt\u0117ms pjaustyti ir bulv\u0117ms tarkuoti<\/li>\n<li>Saugaus u\u017erakinimo sistema<\/li>\n<li>Neslystanti kojel\u0117<\/li>\n<li>2 met\u0173 gaminio garantija<\/li>\n<\/ul>\n","protected":false},"featured_media":26709,"template":"","meta":{"_acf_changed":false},"product_brand":[],"product_cat":[408],"product_tag":[],"class_list":{"0":"post-26727","1":"product","2":"type-product","3":"status-publish","4":"has-post-thumbnail","6":"product_cat-virtuviniai-kombainai","8":"first","9":"instock","10":"taxable","11":"shipping-taxable","12":"purchasable","13":"product-type-simple"},"acf":[],"_links":{"self":[{"href":"https:\/\/stollar.eu\/lt\/wp-json\/wp\/v2\/product\/26727","targetHints":{"allow":["GET"]}}],"collection":[{"href":"https:\/\/stollar.eu\/lt\/wp-json\/wp\/v2\/product"}],"about":[{"href":"https:\/\/stollar.eu\/lt\/wp-json\/wp\/v2\/types\/product"}],"version-history":[{"count":0,"href":"https:\/\/stollar.eu\/lt\/wp-json\/wp\/v2\/product\/26727\/revisions"}],"wp:featuredmedia":[{"embeddable":true,"href":"https:\/\/stollar.eu\/lt\/wp-json\/wp\/v2\/media\/26709"}],"wp:attachment":[{"href":"https:\/\/stollar.eu\/lt\/wp-json\/wp\/v2\/media?parent=26727"}],"wp:term":[{"taxonomy":"product_brand","embeddable":true,"href":"https:\/\/stollar.eu\/lt\/wp-json\/wp\/v2\/product_brand?post=26727"},{"taxonomy":"product_cat","embeddable":true,"href":"https:\/\/stollar.eu\/lt\/wp-json\/wp\/v2\/product_cat?post=26727"},{"taxonomy":"product_tag","embeddable":true,"href":"https:\/\/stollar.eu\/lt\/wp-json\/wp\/v2\/product_tag?post=26727"}],"curies":[{"name":"wp","href":"https:\/\/api.w.org\/{rel}","templated":true}]}}