{"id":26560,"date":"2025-07-07T11:37:48","date_gmt":"2025-07-07T09:37:48","guid":{"rendered":"https:\/\/ao9qt3crk3-staging.onrocket.site\/be-kategorijos\/the-compact-kettle-virdulys-tks401\/"},"modified":"2025-07-07T14:51:37","modified_gmt":"2025-07-07T12:51:37","slug":"the-compact-kettle-virdulys-tks401","status":"publish","type":"product","link":"https:\/\/stollar.eu\/lt\/virduliai\/the-compact-kettle-virdulys-tks401\/","title":{"rendered":"the Compact Kettle virdulys TKS401"},"content":{"rendered":"","protected":false},"excerpt":{"rendered":"<h2>1 litro talpos dvigubos sienel\u0117s belaidis virdulys.<\/h2>\n<div>\n<ul>\n<li class=\"whitespace-normal break-words\">1 litro talpa<\/li>\n<li class=\"whitespace-normal break-words\">Dvigubos virdulio sienel\u0117s, kad korpuso pavir\u0161ius ne\u012fkaist\u0173<\/li>\n<li class=\"whitespace-normal break-words\">Kar\u0161\u010diui atspari rankena<\/li>\n<li class=\"whitespace-normal break-words\">\u0160velniai atsidarantis dangtis<\/li>\n<li class=\"whitespace-normal break-words\">Pasl\u0117ptas kaitinimo elementas<\/li>\n<li class=\"whitespace-normal break-words\">360\u00b0 kampu besisukantis pagrindas<\/li>\n<li class=\"whitespace-normal break-words\">Filtras nuo kalki\u0173<\/li>\n<li class=\"whitespace-normal break-words\">Ap\u0161viestas maitinimo jungiklis<\/li>\n<li class=\"whitespace-normal break-words\">Saugus automatinis i\u0161sijungimas<\/li>\n<li class=\"whitespace-normal break-words\">1850 W galia greitam vandens u\u017evirimui<\/li>\n<li class=\"whitespace-normal break-words\">2 met\u0173 produkto garantija<\/li>\n<\/ul>\n<\/div>\n","protected":false},"featured_media":26510,"template":"","meta":{"_acf_changed":false},"product_brand":[],"product_cat":[419],"product_tag":[],"class_list":{"0":"post-26560","1":"product","2":"type-product","3":"status-publish","4":"has-post-thumbnail","6":"product_cat-virduliai","8":"first","9":"instock","10":"taxable","11":"shipping-taxable","12":"purchasable","13":"product-type-simple"},"acf":[],"_links":{"self":[{"href":"https:\/\/stollar.eu\/lt\/wp-json\/wp\/v2\/product\/26560","targetHints":{"allow":["GET"]}}],"collection":[{"href":"https:\/\/stollar.eu\/lt\/wp-json\/wp\/v2\/product"}],"about":[{"href":"https:\/\/stollar.eu\/lt\/wp-json\/wp\/v2\/types\/product"}],"version-history":[{"count":0,"href":"https:\/\/stollar.eu\/lt\/wp-json\/wp\/v2\/product\/26560\/revisions"}],"wp:featuredmedia":[{"embeddable":true,"href":"https:\/\/stollar.eu\/lt\/wp-json\/wp\/v2\/media\/26510"}],"wp:attachment":[{"href":"https:\/\/stollar.eu\/lt\/wp-json\/wp\/v2\/media?parent=26560"}],"wp:term":[{"taxonomy":"product_brand","embeddable":true,"href":"https:\/\/stollar.eu\/lt\/wp-json\/wp\/v2\/product_brand?post=26560"},{"taxonomy":"product_cat","embeddable":true,"href":"https:\/\/stollar.eu\/lt\/wp-json\/wp\/v2\/product_cat?post=26560"},{"taxonomy":"product_tag","embeddable":true,"href":"https:\/\/stollar.eu\/lt\/wp-json\/wp\/v2\/product_tag?post=26560"}],"curies":[{"name":"wp","href":"https:\/\/api.w.org\/{rel}","templated":true}]}}