{"id":26559,"date":"2025-07-07T11:39:55","date_gmt":"2025-07-07T09:39:55","guid":{"rendered":"https:\/\/ao9qt3crk3-staging.onrocket.site\/be-kategorijos\/the-compact-kettle-virdulys-tks710\/"},"modified":"2025-07-07T14:52:33","modified_gmt":"2025-07-07T12:52:33","slug":"the-compact-kettle-virdulys-tks710","status":"publish","type":"product","link":"https:\/\/stollar.eu\/lt\/virduliai\/the-compact-kettle-virdulys-tks710\/","title":{"rendered":"the Compact Kettle virdulys TKS710"},"content":{"rendered":"","protected":false},"excerpt":{"rendered":"<h2>1 litro talpos ner\u016bdijan\u010dio plieno belaidis virdulys su plaunamu filtru nuo kalki\u0173.<\/h2>\n<ul>\n<li>1 litro talpa<\/li>\n<li>Tvirtas ner\u016bdijan\u010dio plieno korpusas<\/li>\n<li>\u0160velniai atsidarantis dangtis<\/li>\n<li>Pasl\u0117ptas kaitinimo elementas<\/li>\n<li>360\u00b0 kampu besisukantis pagrindas<\/li>\n<li>Plaunamas filtras nuo kalki\u0173<\/li>\n<li>Vandens lygio langelis<\/li>\n<li>Ap\u0161viestas maitinimo jungiklis<\/li>\n<li>Saugus automatinis i\u0161sijungimas<\/li>\n<li>2200 W galia greitam vandens u\u017evirimui<\/li>\n<li>2 met\u0173 produkto garantija<\/li>\n<\/ul>\n","protected":false},"featured_media":26544,"template":"","meta":{"_acf_changed":false},"product_brand":[],"product_cat":[419],"product_tag":[],"class_list":{"0":"post-26559","1":"product","2":"type-product","3":"status-publish","4":"has-post-thumbnail","6":"product_cat-virduliai","8":"first","9":"instock","10":"taxable","11":"shipping-taxable","12":"purchasable","13":"product-type-simple"},"acf":[],"_links":{"self":[{"href":"https:\/\/stollar.eu\/lt\/wp-json\/wp\/v2\/product\/26559","targetHints":{"allow":["GET"]}}],"collection":[{"href":"https:\/\/stollar.eu\/lt\/wp-json\/wp\/v2\/product"}],"about":[{"href":"https:\/\/stollar.eu\/lt\/wp-json\/wp\/v2\/types\/product"}],"version-history":[{"count":0,"href":"https:\/\/stollar.eu\/lt\/wp-json\/wp\/v2\/product\/26559\/revisions"}],"wp:featuredmedia":[{"embeddable":true,"href":"https:\/\/stollar.eu\/lt\/wp-json\/wp\/v2\/media\/26544"}],"wp:attachment":[{"href":"https:\/\/stollar.eu\/lt\/wp-json\/wp\/v2\/media?parent=26559"}],"wp:term":[{"taxonomy":"product_brand","embeddable":true,"href":"https:\/\/stollar.eu\/lt\/wp-json\/wp\/v2\/product_brand?post=26559"},{"taxonomy":"product_cat","embeddable":true,"href":"https:\/\/stollar.eu\/lt\/wp-json\/wp\/v2\/product_cat?post=26559"},{"taxonomy":"product_tag","embeddable":true,"href":"https:\/\/stollar.eu\/lt\/wp-json\/wp\/v2\/product_tag?post=26559"}],"curies":[{"name":"wp","href":"https:\/\/api.w.org\/{rel}","templated":true}]}}