{"id":26396,"date":"2025-06-20T12:36:54","date_gmt":"2025-06-20T10:36:54","guid":{"rendered":"https:\/\/ao9qt3crk3-staging.onrocket.site\/be-kategorijos\/the-dual-smart-air-fry-karsto-oro-gruzdintuve-air711\/"},"modified":"2025-08-12T16:55:25","modified_gmt":"2025-08-12T14:55:25","slug":"the-dual-smart-air-fry-karsto-oro-gruzdintuve-air711","status":"publish","type":"product","link":"https:\/\/stollar.eu\/lt\/karsto-oro-gruzdintuves\/the-dual-smart-air-fry-karsto-oro-gruzdintuve-air711\/","title":{"rendered":"the Dual Smart Air Fry kar\u0161to oro gruzdintuv\u0117 AIR711"},"content":{"rendered":"","protected":false},"excerpt":{"rendered":"<h2>Kar\u0161to oro gruzdintuv\u0117 su dviem krep\u0161eliais (7 ir 4 l talpos) ir patogiai valdomu jutikliniu ekranu, taip pat sinchronizuoto u\u017ebaigimo funkcija. Apr\u016bpinta Dual Smart Air Fry kar\u0161to oro cirkuliacijos sistema, \u0161i gruzdintuv\u0117 leid\u017eia kepti, grilinti, gaminti ir \u0161ildyti palankius sveikatai, neriebius patiekalus visai \u0161eimai, o du atskiri krep\u0161eliai leid\u017eia vienu metu paruo\u0161ti du skirtingus patiekalus.<\/h2>\n<ul>\n<li>Informatyvus LED ekranas su jutikliniu valdymu<\/li>\n<li>10 automati\u0161kai nustatom\u0173 program\u0173<\/li>\n<li>Du krep\u0161eliai, talpinantys 7 ir 4 l<\/li>\n<li>80\u2013200 \u00b0C temperat\u016bra<\/li>\n<li>60 minu\u010di\u0173 laikmatis<\/li>\n<li>Greita kar\u0161to oro cirkuliacijos sistema<\/li>\n<li>DUAL funkcija patiekalams gaminti abiejuose krep\u0161eliuose vienu metu<\/li>\n<li>SHAKE priminimo funkcija<\/li>\n<li>SYNC funkcija gaminimo baigimui abiejuose krep\u0161eliuose vienu metu<\/li>\n<li>Korpusas su \u0161altu lie\u010diamu k\u016bnu<\/li>\n<li>Didelis 2600 W galingumas<\/li>\n<li>2 met\u0173 produkto garantija<\/li>\n<\/ul>\n","protected":false},"featured_media":26385,"template":"","meta":{"_acf_changed":false},"product_brand":[],"product_cat":[436],"product_tag":[],"class_list":{"0":"post-26396","1":"product","2":"type-product","3":"status-publish","4":"has-post-thumbnail","6":"product_cat-karsto-oro-gruzdintuves","8":"first","9":"instock","10":"featured","11":"taxable","12":"shipping-taxable","13":"purchasable","14":"product-type-simple"},"acf":[],"_links":{"self":[{"href":"https:\/\/stollar.eu\/lt\/wp-json\/wp\/v2\/product\/26396","targetHints":{"allow":["GET"]}}],"collection":[{"href":"https:\/\/stollar.eu\/lt\/wp-json\/wp\/v2\/product"}],"about":[{"href":"https:\/\/stollar.eu\/lt\/wp-json\/wp\/v2\/types\/product"}],"version-history":[{"count":0,"href":"https:\/\/stollar.eu\/lt\/wp-json\/wp\/v2\/product\/26396\/revisions"}],"wp:featuredmedia":[{"embeddable":true,"href":"https:\/\/stollar.eu\/lt\/wp-json\/wp\/v2\/media\/26385"}],"wp:attachment":[{"href":"https:\/\/stollar.eu\/lt\/wp-json\/wp\/v2\/media?parent=26396"}],"wp:term":[{"taxonomy":"product_brand","embeddable":true,"href":"https:\/\/stollar.eu\/lt\/wp-json\/wp\/v2\/product_brand?post=26396"},{"taxonomy":"product_cat","embeddable":true,"href":"https:\/\/stollar.eu\/lt\/wp-json\/wp\/v2\/product_cat?post=26396"},{"taxonomy":"product_tag","embeddable":true,"href":"https:\/\/stollar.eu\/lt\/wp-json\/wp\/v2\/product_tag?post=26396"}],"curies":[{"name":"wp","href":"https:\/\/api.w.org\/{rel}","templated":true}]}}