{"id":25873,"date":"2025-05-29T12:18:53","date_gmt":"2025-05-29T10:18:53","guid":{"rendered":"https:\/\/stollar.eu\/be-kategorijos\/the-salt-pepper-maluneliai-ssp400\/"},"modified":"2025-05-29T11:58:53","modified_gmt":"2025-05-29T09:58:53","slug":"the-salt-pepper-maluneliai-ssp400","status":"publish","type":"product","link":"https:\/\/stollar.eu\/lt\/prieskoniu-maluneliai\/the-salt-pepper-maluneliai-ssp400\/","title":{"rendered":"the Salt &#038; Pepper mal\u016bn\u0117liai SSP400"},"content":{"rendered":"","protected":false},"excerpt":{"rendered":"<h2>Druskos ir pipir\u0173 mal\u016bn\u0117li\u0173 komplektas, veikiantis su baterijomis.<\/h2>\n<ul>\n<li>Skaidrus 95 ml talpos indelis<\/li>\n<li>Keraminiai malimo girnos<\/li>\n<li>Reguliuojamas malimo rupumas<\/li>\n<li>Ap\u0161vietimas naudojimo metu<\/li>\n<li>Kiekvienam mal\u016bn\u0117liui reikalingos 4 AAA baterijos (nepridedamos)<\/li>\n<li>2 met\u0173 garantija<\/li>\n<\/ul>\n","protected":false},"featured_media":25835,"template":"","meta":{"_acf_changed":false},"product_brand":[],"product_cat":[406],"product_tag":[],"class_list":{"0":"post-25873","1":"product","2":"type-product","3":"status-publish","4":"has-post-thumbnail","6":"product_cat-prieskoniu-maluneliai","8":"first","9":"instock","10":"taxable","11":"shipping-taxable","12":"purchasable","13":"product-type-simple"},"acf":[],"_links":{"self":[{"href":"https:\/\/stollar.eu\/lt\/wp-json\/wp\/v2\/product\/25873","targetHints":{"allow":["GET"]}}],"collection":[{"href":"https:\/\/stollar.eu\/lt\/wp-json\/wp\/v2\/product"}],"about":[{"href":"https:\/\/stollar.eu\/lt\/wp-json\/wp\/v2\/types\/product"}],"version-history":[{"count":0,"href":"https:\/\/stollar.eu\/lt\/wp-json\/wp\/v2\/product\/25873\/revisions"}],"wp:featuredmedia":[{"embeddable":true,"href":"https:\/\/stollar.eu\/lt\/wp-json\/wp\/v2\/media\/25835"}],"wp:attachment":[{"href":"https:\/\/stollar.eu\/lt\/wp-json\/wp\/v2\/media?parent=25873"}],"wp:term":[{"taxonomy":"product_brand","embeddable":true,"href":"https:\/\/stollar.eu\/lt\/wp-json\/wp\/v2\/product_brand?post=25873"},{"taxonomy":"product_cat","embeddable":true,"href":"https:\/\/stollar.eu\/lt\/wp-json\/wp\/v2\/product_cat?post=25873"},{"taxonomy":"product_tag","embeddable":true,"href":"https:\/\/stollar.eu\/lt\/wp-json\/wp\/v2\/product_tag?post=25873"}],"curies":[{"name":"wp","href":"https:\/\/api.w.org\/{rel}","templated":true}]}}