{"id":24411,"date":"2025-01-29T13:13:01","date_gmt":"2025-01-29T11:13:01","guid":{"rendered":"https:\/\/stollar.eu\/be-kategorijos\/the-hand-blender-rankinis-maisytuvas-shb850\/"},"modified":"2025-01-29T13:13:01","modified_gmt":"2025-01-29T11:13:01","slug":"the-hand-blender-rankinis-maisytuvas-shb850","status":"publish","type":"product","link":"https:\/\/stollar.eu\/lt\/rankiniai-plaktuvai\/the-hand-blender-rankinis-maisytuvas-shb850\/","title":{"rendered":"the Hand Blender rankinis mai\u0161ytuvas SHB850"},"content":{"rendered":"","protected":false},"excerpt":{"rendered":"<h2>Galingas rankinis mai\u0161ytuvas su ergonomi\u0161ka rankena ir maksimali\u0105 gali\u0105 \u012fjungian\u010diu mygtuku \u201eturbo\u201c.<\/h2>\n<ul>\n<li>Reguliuojamas greitis u\u017etikrina tiksl\u0173 mai\u0161ym\u0105 ir apdorojim\u0105.<\/li>\n<li>Mygtukas \u201eTurbo\u201c \u012fjungia maksimali\u0105 gali\u0105<\/li>\n<li>Galingas 1500 W variklis<\/li>\n<li>Kar\u0161tiems ir \u0161altiems ingredientams mai\u0161yti skirta ner\u016bdijan\u010diojo plieno kojel\u0117<\/li>\n<li>Ner\u016bdijan\u010diojo plieno plakimo priedas, skirtas lengvam plakimui ir mai\u0161ymui<\/li>\n<li>0,7 litro matavimo stiklin\u0117<\/li>\n<li>2 met\u0173 gaminio garantija<\/li>\n<\/ul>\n","protected":false},"featured_media":24384,"template":"","meta":{"_acf_changed":false},"product_brand":[],"product_cat":[455],"product_tag":[],"class_list":{"0":"post-24411","1":"product","2":"type-product","3":"status-publish","4":"has-post-thumbnail","6":"product_cat-rankiniai-plaktuvai","8":"first","9":"instock","10":"taxable","11":"shipping-taxable","12":"purchasable","13":"product-type-simple"},"acf":[],"_links":{"self":[{"href":"https:\/\/stollar.eu\/lt\/wp-json\/wp\/v2\/product\/24411","targetHints":{"allow":["GET"]}}],"collection":[{"href":"https:\/\/stollar.eu\/lt\/wp-json\/wp\/v2\/product"}],"about":[{"href":"https:\/\/stollar.eu\/lt\/wp-json\/wp\/v2\/types\/product"}],"version-history":[{"count":0,"href":"https:\/\/stollar.eu\/lt\/wp-json\/wp\/v2\/product\/24411\/revisions"}],"wp:featuredmedia":[{"embeddable":true,"href":"https:\/\/stollar.eu\/lt\/wp-json\/wp\/v2\/media\/24384"}],"wp:attachment":[{"href":"https:\/\/stollar.eu\/lt\/wp-json\/wp\/v2\/media?parent=24411"}],"wp:term":[{"taxonomy":"product_brand","embeddable":true,"href":"https:\/\/stollar.eu\/lt\/wp-json\/wp\/v2\/product_brand?post=24411"},{"taxonomy":"product_cat","embeddable":true,"href":"https:\/\/stollar.eu\/lt\/wp-json\/wp\/v2\/product_cat?post=24411"},{"taxonomy":"product_tag","embeddable":true,"href":"https:\/\/stollar.eu\/lt\/wp-json\/wp\/v2\/product_tag?post=24411"}],"curies":[{"name":"wp","href":"https:\/\/api.w.org\/{rel}","templated":true}]}}