{"id":24134,"date":"2024-12-10T18:01:18","date_gmt":"2024-12-10T16:01:18","guid":{"rendered":"https:\/\/stollar.eu\/be-kategorijos\/the-slim-cafe-pearl-espreso-kavos-aparatas-sem900\/"},"modified":"2025-04-04T16:44:38","modified_gmt":"2025-04-04T14:44:38","slug":"the-slim-cafe-pearl-espreso-kavos-aparatas-sem900","status":"publish","type":"product","link":"https:\/\/stollar.eu\/lt\/kavos-prietaisai\/the-slim-cafe-pearl-espreso-kavos-aparatas-sem900\/","title":{"rendered":"the Slim Caf\u00e9 Pearl espreso kavos aparatas SEM900"},"content":{"rendered":"<p><br data-mce-bogus=\"1\"><\/p>\n","protected":false},"excerpt":{"rendered":"<h2>Itin kompakti\u0161kas visi\u0161kai automatizuotas espreso kavos aparatas su pieno talpa.<\/h2>\n<ul>\n<li class=\"p1\">Galingas 19 bar\u0173 sl\u0117gio vandens siurblys<\/li>\n<li class=\"p1\">Lengvai i\u0161imamas 1,5 litro talpos vandens indas<\/li>\n<li class=\"p1\">150 g kavos pupeli\u0173 talpa<\/li>\n<li class=\"p1\">Jutiklinis valdymo skydelis, u\u017etikrinantis lengv\u0105 naudojim\u0105<\/li>\n<li class=\"p1\">Ner\u016bdijan\u010dio plieno kavos pupeli\u0173 mal\u016bn\u0117lis su 5 kavos malimo lygiais<\/li>\n<li class=\"p1\">Nuimama pieno talpa automatiniam kapu\u010dino ir pieno su espresu kavos ruo\u0161imui<\/li>\n<li class=\"p1\">1 420 \u2013 1 690 W galingumas<\/li>\n<li>2 met\u0173 produkto garantija<\/li>\n<\/ul>\n","protected":false},"featured_media":24129,"template":"","meta":{"_acf_changed":false},"product_brand":[],"product_cat":[236],"product_tag":[],"class_list":{"0":"post-24134","1":"product","2":"type-product","3":"status-publish","4":"has-post-thumbnail","6":"product_cat-kavos-prietaisai","8":"first","9":"instock","10":"taxable","11":"shipping-taxable","12":"purchasable","13":"product-type-simple"},"acf":[],"_links":{"self":[{"href":"https:\/\/stollar.eu\/lt\/wp-json\/wp\/v2\/product\/24134","targetHints":{"allow":["GET"]}}],"collection":[{"href":"https:\/\/stollar.eu\/lt\/wp-json\/wp\/v2\/product"}],"about":[{"href":"https:\/\/stollar.eu\/lt\/wp-json\/wp\/v2\/types\/product"}],"version-history":[{"count":0,"href":"https:\/\/stollar.eu\/lt\/wp-json\/wp\/v2\/product\/24134\/revisions"}],"wp:featuredmedia":[{"embeddable":true,"href":"https:\/\/stollar.eu\/lt\/wp-json\/wp\/v2\/media\/24129"}],"wp:attachment":[{"href":"https:\/\/stollar.eu\/lt\/wp-json\/wp\/v2\/media?parent=24134"}],"wp:term":[{"taxonomy":"product_brand","embeddable":true,"href":"https:\/\/stollar.eu\/lt\/wp-json\/wp\/v2\/product_brand?post=24134"},{"taxonomy":"product_cat","embeddable":true,"href":"https:\/\/stollar.eu\/lt\/wp-json\/wp\/v2\/product_cat?post=24134"},{"taxonomy":"product_tag","embeddable":true,"href":"https:\/\/stollar.eu\/lt\/wp-json\/wp\/v2\/product_tag?post=24134"}],"curies":[{"name":"wp","href":"https:\/\/api.w.org\/{rel}","templated":true}]}}