{"id":24079,"date":"2024-12-10T13:19:48","date_gmt":"2024-12-10T11:19:48","guid":{"rendered":"https:\/\/stollar.eu\/be-kategorijos\/the-smart-air-fry-aerogrils-air870\/"},"modified":"2024-12-10T13:35:12","modified_gmt":"2024-12-10T11:35:12","slug":"the-smart-air-fry-aerogrils-air870","status":"publish","type":"product","link":"https:\/\/stollar.eu\/lt\/karsto-oro-gruzdintuves\/the-smart-air-fry-aerogrils-air870\/","title":{"rendered":"the Smart Air Fry aerogrils AIR870"},"content":{"rendered":"","protected":false},"excerpt":{"rendered":"<h2>6,5 litr\u0173 talpos vieno krep\u0161elio kar\u0161to oro gruzdintuv\u0117 su ap\u0161viestu langeliu ir patogiai valdomu jutikliniu ekranu.<\/h2>\n<ul>\n<li class=\"p1\">Didelis ap\u0161viestas langelis<\/li>\n<li class=\"p1\">12 i\u0161 anksto nustatom\u0173 program\u0173<\/li>\n<li class=\"p1\">6,5 l talpus vienas krep\u0161elis<\/li>\n<li class=\"p1\">80\u2013200 \u00b0C temperat\u016bra<\/li>\n<li class=\"p1\">60 minu\u010di\u0173 laikmatis<\/li>\n<li class=\"p1\">Greito kar\u0161to oro cirkuliavimo sistema<\/li>\n<li>1800 W didelis galingumas<\/li>\n<li>2 met\u0173 produkto garantija<\/li>\n<\/ul>\n","protected":false},"featured_media":24048,"template":"","meta":{"_acf_changed":false},"product_brand":[],"product_cat":[436],"product_tag":[],"class_list":{"0":"post-24079","1":"product","2":"type-product","3":"status-publish","4":"has-post-thumbnail","6":"product_cat-karsto-oro-gruzdintuves","8":"first","9":"instock","10":"featured","11":"taxable","12":"shipping-taxable","13":"purchasable","14":"product-type-simple"},"acf":[],"_links":{"self":[{"href":"https:\/\/stollar.eu\/lt\/wp-json\/wp\/v2\/product\/24079","targetHints":{"allow":["GET"]}}],"collection":[{"href":"https:\/\/stollar.eu\/lt\/wp-json\/wp\/v2\/product"}],"about":[{"href":"https:\/\/stollar.eu\/lt\/wp-json\/wp\/v2\/types\/product"}],"version-history":[{"count":0,"href":"https:\/\/stollar.eu\/lt\/wp-json\/wp\/v2\/product\/24079\/revisions"}],"wp:featuredmedia":[{"embeddable":true,"href":"https:\/\/stollar.eu\/lt\/wp-json\/wp\/v2\/media\/24048"}],"wp:attachment":[{"href":"https:\/\/stollar.eu\/lt\/wp-json\/wp\/v2\/media?parent=24079"}],"wp:term":[{"taxonomy":"product_brand","embeddable":true,"href":"https:\/\/stollar.eu\/lt\/wp-json\/wp\/v2\/product_brand?post=24079"},{"taxonomy":"product_cat","embeddable":true,"href":"https:\/\/stollar.eu\/lt\/wp-json\/wp\/v2\/product_cat?post=24079"},{"taxonomy":"product_tag","embeddable":true,"href":"https:\/\/stollar.eu\/lt\/wp-json\/wp\/v2\/product_tag?post=24079"}],"curies":[{"name":"wp","href":"https:\/\/api.w.org\/{rel}","templated":true}]}}