{"id":24006,"date":"2024-11-14T11:00:12","date_gmt":"2024-11-14T09:00:12","guid":{"rendered":"https:\/\/stollar.eu\/uncategorized\/the-comfort-toaster-skrudintuvas-tes501\/"},"modified":"2024-11-14T11:00:12","modified_gmt":"2024-11-14T09:00:12","slug":"the-comfort-toaster-skrudintuvas-tes501","status":"publish","type":"product","link":"https:\/\/stollar.eu\/lt\/skrudintuvai\/the-comfort-toaster-skrudintuvas-tes501\/","title":{"rendered":"the Comfort Toaster skrudintuvas TES501"},"content":{"rendered":"","protected":false},"excerpt":{"rendered":"<h2>Dviej\u0173 riekeli\u0173 skrudintuvas su pa\u0161ildymo ir<br \/>\natitirpinimo funkcijomis.<\/h2>\n<ul>\n<li>7 skrudinimo lygiai<\/li>\n<li>Automatinio riekeli\u0173 i\u0161\u0161okimo funkcija<\/li>\n<li>Ne\u012fkaistanti i\u0161or\u0117<\/li>\n<li>850 W<\/li>\n<li>2 met\u0173 garantija<\/li>\n<\/ul>\n","protected":false},"featured_media":23061,"template":"","meta":{"_acf_changed":false},"product_brand":[],"product_cat":[416],"product_tag":[],"class_list":{"0":"post-24006","1":"product","2":"type-product","3":"status-publish","4":"has-post-thumbnail","6":"product_cat-skrudintuvai","8":"first","9":"instock","10":"taxable","11":"shipping-taxable","12":"purchasable","13":"product-type-simple"},"acf":[],"_links":{"self":[{"href":"https:\/\/stollar.eu\/lt\/wp-json\/wp\/v2\/product\/24006","targetHints":{"allow":["GET"]}}],"collection":[{"href":"https:\/\/stollar.eu\/lt\/wp-json\/wp\/v2\/product"}],"about":[{"href":"https:\/\/stollar.eu\/lt\/wp-json\/wp\/v2\/types\/product"}],"version-history":[{"count":0,"href":"https:\/\/stollar.eu\/lt\/wp-json\/wp\/v2\/product\/24006\/revisions"}],"wp:featuredmedia":[{"embeddable":true,"href":"https:\/\/stollar.eu\/lt\/wp-json\/wp\/v2\/media\/23061"}],"wp:attachment":[{"href":"https:\/\/stollar.eu\/lt\/wp-json\/wp\/v2\/media?parent=24006"}],"wp:term":[{"taxonomy":"product_brand","embeddable":true,"href":"https:\/\/stollar.eu\/lt\/wp-json\/wp\/v2\/product_brand?post=24006"},{"taxonomy":"product_cat","embeddable":true,"href":"https:\/\/stollar.eu\/lt\/wp-json\/wp\/v2\/product_cat?post=24006"},{"taxonomy":"product_tag","embeddable":true,"href":"https:\/\/stollar.eu\/lt\/wp-json\/wp\/v2\/product_tag?post=24006"}],"curies":[{"name":"wp","href":"https:\/\/api.w.org\/{rel}","templated":true}]}}