{"id":23128,"date":"2024-10-04T10:11:11","date_gmt":"2024-10-04T08:11:11","guid":{"rendered":"https:\/\/stollar.eu\/be-kategorijos\/akumuliatorinis-rankinis-maisytuvas-the-cordless-hand-mixer-rms900\/"},"modified":"2025-05-21T18:55:04","modified_gmt":"2025-05-21T16:55:04","slug":"akumuliatorinis-rankinis-maisytuvas-the-cordless-hand-mixer-rms900","status":"publish","type":"product","link":"https:\/\/stollar.eu\/lt\/rankiniai-maisytuvai\/akumuliatorinis-rankinis-maisytuvas-the-cordless-hand-mixer-rms900\/","title":{"rendered":"Akumuliatorinis mai\u0161ytuvas the Cordless Hand Mixer RMS900"},"content":{"rendered":"","protected":false},"excerpt":{"rendered":"<h2>Akumuliatorinis 150 W dvejopo naudojimo plaktuvas su i\u0161imama 12 V li\u010dio jon\u0173 baterija ir 8 skirting\u0173 grei\u010di\u0173 nustatymais.<\/h2>\n<ul>\n<li>I\u0161imama 12 V li\u010dio jon\u0173 baterija, leid\u017eianti prietaisui veikti be laido<\/li>\n<li>20 minu\u010di\u0173 trukm\u0117s greitas \u012fkrovimas<\/li>\n<li>Pridedamas USB C tipo laidas<\/li>\n<li>8 skirting\u0173 grei\u010di\u0173 nuostatos<\/li>\n<li>Te\u0161los plakimo kabliukai duonai ar makaronams<\/li>\n<li>Plakimo priedai kiau\u0161ini\u0173 baltymams, sausaini\u0173 ar pyrag\u0173 te\u0161lai<\/li>\n<li>2 met\u0173 produkto garantija<\/li>\n<\/ul>\n","protected":false},"featured_media":22997,"template":"","meta":{"_acf_changed":false},"product_brand":[],"product_cat":[445],"product_tag":[],"class_list":{"0":"post-23128","1":"product","2":"type-product","3":"status-publish","4":"has-post-thumbnail","6":"product_cat-rankiniai-maisytuvai","8":"first","9":"instock","10":"taxable","11":"shipping-taxable","12":"purchasable","13":"product-type-simple"},"acf":[],"_links":{"self":[{"href":"https:\/\/stollar.eu\/lt\/wp-json\/wp\/v2\/product\/23128","targetHints":{"allow":["GET"]}}],"collection":[{"href":"https:\/\/stollar.eu\/lt\/wp-json\/wp\/v2\/product"}],"about":[{"href":"https:\/\/stollar.eu\/lt\/wp-json\/wp\/v2\/types\/product"}],"version-history":[{"count":0,"href":"https:\/\/stollar.eu\/lt\/wp-json\/wp\/v2\/product\/23128\/revisions"}],"wp:featuredmedia":[{"embeddable":true,"href":"https:\/\/stollar.eu\/lt\/wp-json\/wp\/v2\/media\/22997"}],"wp:attachment":[{"href":"https:\/\/stollar.eu\/lt\/wp-json\/wp\/v2\/media?parent=23128"}],"wp:term":[{"taxonomy":"product_brand","embeddable":true,"href":"https:\/\/stollar.eu\/lt\/wp-json\/wp\/v2\/product_brand?post=23128"},{"taxonomy":"product_cat","embeddable":true,"href":"https:\/\/stollar.eu\/lt\/wp-json\/wp\/v2\/product_cat?post=23128"},{"taxonomy":"product_tag","embeddable":true,"href":"https:\/\/stollar.eu\/lt\/wp-json\/wp\/v2\/product_tag?post=23128"}],"curies":[{"name":"wp","href":"https:\/\/api.w.org\/{rel}","templated":true}]}}