{"id":23125,"date":"2024-10-04T10:44:12","date_gmt":"2024-10-04T08:44:12","guid":{"rendered":"https:\/\/stollar.eu\/be-kategorijos\/akumuliatorinis-rankinis-maisytuvas-the-cordless-hand-blender-shb900\/"},"modified":"2025-05-21T18:55:18","modified_gmt":"2025-05-21T16:55:18","slug":"akumuliatorinis-rankinis-maisytuvas-the-cordless-hand-blender-shb900","status":"publish","type":"product","link":"https:\/\/stollar.eu\/lt\/rankiniai-plaktuvai\/akumuliatorinis-rankinis-maisytuvas-the-cordless-hand-blender-shb900\/","title":{"rendered":"Akumuliatorinis rankinis mai\u0161ytuvas the Cordless Hand Blender SHB900"},"content":{"rendered":"","protected":false},"excerpt":{"rendered":"<h2>Galingas akumuliatorinis rankinis trintuvas su i\u0161imama 12 V li\u010dio jon\u0173 baterija ir keli\u0173 grei\u010di\u0173 valdymu, kad b\u016bt\u0173 u\u017etikrintas maksimalus na\u0161umas.<\/h2>\n<ul>\n<li>I\u0161imama 12 V li\u010dio jon\u0173 baterija, leid\u017eianti prietaisui veikti be laido \u2022 20 minu\u010di\u0173 trukm\u0117s greitas \u012fkrovimas<\/li>\n<li>Pridedamas USB C tipo laidas<\/li>\n<li>0,7 litro talpos stiklin\u0117<\/li>\n<li>0,5 talpos maisto smulkinimui skirtas dubuo<\/li>\n<li>Ner\u016bdijan\u010dio plieno \u0161luotel\u0117, skirta lengvam plakimui ir mai\u0161ymui<\/li>\n<li>2 met\u0173 produkto garantija<\/li>\n<\/ul>\n","protected":false},"featured_media":22977,"template":"","meta":{"_acf_changed":false},"product_brand":[],"product_cat":[455],"product_tag":[],"class_list":{"0":"post-23125","1":"product","2":"type-product","3":"status-publish","4":"has-post-thumbnail","6":"product_cat-rankiniai-plaktuvai","8":"first","9":"instock","10":"taxable","11":"shipping-taxable","12":"purchasable","13":"product-type-simple"},"acf":[],"_links":{"self":[{"href":"https:\/\/stollar.eu\/lt\/wp-json\/wp\/v2\/product\/23125","targetHints":{"allow":["GET"]}}],"collection":[{"href":"https:\/\/stollar.eu\/lt\/wp-json\/wp\/v2\/product"}],"about":[{"href":"https:\/\/stollar.eu\/lt\/wp-json\/wp\/v2\/types\/product"}],"version-history":[{"count":0,"href":"https:\/\/stollar.eu\/lt\/wp-json\/wp\/v2\/product\/23125\/revisions"}],"wp:featuredmedia":[{"embeddable":true,"href":"https:\/\/stollar.eu\/lt\/wp-json\/wp\/v2\/media\/22977"}],"wp:attachment":[{"href":"https:\/\/stollar.eu\/lt\/wp-json\/wp\/v2\/media?parent=23125"}],"wp:term":[{"taxonomy":"product_brand","embeddable":true,"href":"https:\/\/stollar.eu\/lt\/wp-json\/wp\/v2\/product_brand?post=23125"},{"taxonomy":"product_cat","embeddable":true,"href":"https:\/\/stollar.eu\/lt\/wp-json\/wp\/v2\/product_cat?post=23125"},{"taxonomy":"product_tag","embeddable":true,"href":"https:\/\/stollar.eu\/lt\/wp-json\/wp\/v2\/product_tag?post=23125"}],"curies":[{"name":"wp","href":"https:\/\/api.w.org\/{rel}","templated":true}]}}