{"id":23118,"date":"2024-08-09T16:37:17","date_gmt":"2024-08-09T14:37:17","guid":{"rendered":"https:\/\/stollar.eu\/be-kategorijos\/maisto-produktu-dziovintuvas-the-rapid-food-dryer-dhs750\/"},"modified":"2025-05-21T18:54:37","modified_gmt":"2025-05-21T16:54:37","slug":"maisto-produktu-dziovintuvas-the-rapid-food-dryer-dhs750","status":"publish","type":"product","link":"https:\/\/stollar.eu\/lt\/maisto-dziovintuvai\/maisto-produktu-dziovintuvas-the-rapid-food-dryer-dhs750\/","title":{"rendered":"Maisto produkt\u0173 d\u017eiovintuvas the Rapid Food Dryer DHS750"},"content":{"rendered":"","protected":false},"excerpt":{"rendered":"<h2>450 W galinga maisto d\u017eiovykl\u0117 su 6 metalin\u0117mis lentynomis.<\/h2>\n<ul>\n<li>6 metalin\u0117s d\u017eiovinimo lentynos, kurias galima plauti indaplov\u0117je<\/li>\n<li>Galingas 450 W kaitinimo elementas<\/li>\n<li>Rankinis temperat\u016bros reguliavimas lengvam nustatymui<\/li>\n<li>Reguliuojama temperat\u016bra 35-70 \u00b0C<\/li>\n<li>Efektyvi kar\u0161to oro cirkuliacijos sistema<\/li>\n<li>Tylus veikimas<\/li>\n<li>Matmenys: 32 x 29 x 36 cm (plotis x auk\u0161tis x gylis)<\/li>\n<li>2 met\u0173 produkto garantija<\/li>\n<\/ul>\n","protected":false},"featured_media":22965,"template":"","meta":{"_acf_changed":false},"product_brand":[],"product_cat":[426],"product_tag":[],"class_list":{"0":"post-23118","1":"product","2":"type-product","3":"status-publish","4":"has-post-thumbnail","6":"product_cat-maisto-dziovintuvai","8":"first","9":"instock","10":"taxable","11":"shipping-taxable","12":"purchasable","13":"product-type-simple"},"acf":[],"_links":{"self":[{"href":"https:\/\/stollar.eu\/lt\/wp-json\/wp\/v2\/product\/23118","targetHints":{"allow":["GET"]}}],"collection":[{"href":"https:\/\/stollar.eu\/lt\/wp-json\/wp\/v2\/product"}],"about":[{"href":"https:\/\/stollar.eu\/lt\/wp-json\/wp\/v2\/types\/product"}],"version-history":[{"count":0,"href":"https:\/\/stollar.eu\/lt\/wp-json\/wp\/v2\/product\/23118\/revisions"}],"wp:featuredmedia":[{"embeddable":true,"href":"https:\/\/stollar.eu\/lt\/wp-json\/wp\/v2\/media\/22965"}],"wp:attachment":[{"href":"https:\/\/stollar.eu\/lt\/wp-json\/wp\/v2\/media?parent=23118"}],"wp:term":[{"taxonomy":"product_brand","embeddable":true,"href":"https:\/\/stollar.eu\/lt\/wp-json\/wp\/v2\/product_brand?post=23118"},{"taxonomy":"product_cat","embeddable":true,"href":"https:\/\/stollar.eu\/lt\/wp-json\/wp\/v2\/product_cat?post=23118"},{"taxonomy":"product_tag","embeddable":true,"href":"https:\/\/stollar.eu\/lt\/wp-json\/wp\/v2\/product_tag?post=23118"}],"curies":[{"name":"wp","href":"https:\/\/api.w.org\/{rel}","templated":true}]}}