{"id":23116,"date":"2024-10-30T16:12:34","date_gmt":"2024-10-30T14:12:34","guid":{"rendered":"https:\/\/stollar.eu\/be-kategorijos\/the-drip-cafe-kavos-aparatas-ska500\/"},"modified":"2025-05-21T18:55:33","modified_gmt":"2025-05-21T16:55:33","slug":"the-drip-cafe-kavos-aparatas-ska500","status":"publish","type":"product","link":"https:\/\/stollar.eu\/lt\/kavos-prietaisai\/the-drip-cafe-kavos-aparatas-ska500\/","title":{"rendered":"the Drip Caf\u00e9 kavos aparatas SKA500"},"content":{"rendered":"","protected":false},"excerpt":{"rendered":"<h2>1,25 litro talpos kavavir\u0117 kompakti\u0161kame korpuse.<\/h2>\n<ul>\n<li>1,25 litro vandens talpa<\/li>\n<li>1,25 litro stiklinis indas<\/li>\n<li>Apsaugos nuo la\u0161\u0117jimo vo\u017etuvas<\/li>\n<li>\u0160ilumos palaikymo funkcija<\/li>\n<li>Automatinio i\u0161jungimo, pra\u0117jus 40 minu\u010di\u0173 po kavos ruo\u0161imo<\/li>\n<li>Lengvai pasiekiamas daugkartinio naudojimo filtras<\/li>\n<li>Galinga 800 W \u0161ildymo sistema<\/li>\n<li>Kompakti\u0161kas dizainas: 15,5 x 31,5 x 29 cm<\/li>\n<li>2 met\u0173 produkto garantija<\/li>\n<\/ul>\n","protected":false},"featured_media":22909,"template":"","meta":{"_acf_changed":false},"product_brand":[],"product_cat":[236],"product_tag":[],"class_list":{"0":"post-23116","1":"product","2":"type-product","3":"status-publish","4":"has-post-thumbnail","6":"product_cat-kavos-prietaisai","8":"first","9":"instock","10":"taxable","11":"shipping-taxable","12":"purchasable","13":"product-type-simple"},"acf":[],"_links":{"self":[{"href":"https:\/\/stollar.eu\/lt\/wp-json\/wp\/v2\/product\/23116","targetHints":{"allow":["GET"]}}],"collection":[{"href":"https:\/\/stollar.eu\/lt\/wp-json\/wp\/v2\/product"}],"about":[{"href":"https:\/\/stollar.eu\/lt\/wp-json\/wp\/v2\/types\/product"}],"version-history":[{"count":0,"href":"https:\/\/stollar.eu\/lt\/wp-json\/wp\/v2\/product\/23116\/revisions"}],"wp:featuredmedia":[{"embeddable":true,"href":"https:\/\/stollar.eu\/lt\/wp-json\/wp\/v2\/media\/22909"}],"wp:attachment":[{"href":"https:\/\/stollar.eu\/lt\/wp-json\/wp\/v2\/media?parent=23116"}],"wp:term":[{"taxonomy":"product_brand","embeddable":true,"href":"https:\/\/stollar.eu\/lt\/wp-json\/wp\/v2\/product_brand?post=23116"},{"taxonomy":"product_cat","embeddable":true,"href":"https:\/\/stollar.eu\/lt\/wp-json\/wp\/v2\/product_cat?post=23116"},{"taxonomy":"product_tag","embeddable":true,"href":"https:\/\/stollar.eu\/lt\/wp-json\/wp\/v2\/product_tag?post=23116"}],"curies":[{"name":"wp","href":"https:\/\/api.w.org\/{rel}","templated":true}]}}