{"id":23103,"date":"2024-08-09T15:58:51","date_gmt":"2024-08-09T13:58:51","guid":{"rendered":"https:\/\/stollar.eu\/be-kategorijos\/the-power-grind-mesmale-bmg910\/"},"modified":"2025-05-21T18:53:44","modified_gmt":"2025-05-21T16:53:44","slug":"the-power-grind-mesmale-bmg910","status":"publish","type":"product","link":"https:\/\/stollar.eu\/lt\/mesmales\/the-power-grind-mesmale-bmg910\/","title":{"rendered":"the Power Grind m\u0117smal\u0117 BMG910"},"content":{"rendered":"","protected":false},"excerpt":{"rendered":"<h2>Galinga 2500W m\u0117smal\u0117 su tvirtu aliuminio korpusu ir metaline jungtimi.<\/h2>\n<ul>\n<li>Jutiklinis valdymo skydelis su laikma\u010diu, grei\u010dio reguliavimu, paleidimo\/i\u0161jungimo mygtukais ir atbulin\u0117s eigos re\u017eimu<\/li>\n<li>Tvirta metalin\u0117 jungtis<\/li>\n<li>Tvirtas aliuminio korpusas<\/li>\n<li>Ner\u016bdijan\u010dio plieno pjaunamosios plok\u0161tel\u0117s stambiam ir vidutiniam malimui<\/li>\n<li>De\u0161r\u0173 ir kibin\u0173 antgaliai<\/li>\n<li>Lengvai valomas didelis metalinis m\u0117smal\u0117s galvut\u0117.<\/li>\n<li>Apsauginis jungiklis<\/li>\n<li>2 met\u0173 garantija<\/li>\n<\/ul>\n","protected":false},"featured_media":22887,"template":"","meta":{"_acf_changed":false},"product_brand":[],"product_cat":[429],"product_tag":[],"class_list":{"0":"post-23103","1":"product","2":"type-product","3":"status-publish","4":"has-post-thumbnail","6":"product_cat-mesmales","8":"first","9":"instock","10":"taxable","11":"shipping-taxable","12":"purchasable","13":"product-type-simple"},"acf":[],"_links":{"self":[{"href":"https:\/\/stollar.eu\/lt\/wp-json\/wp\/v2\/product\/23103","targetHints":{"allow":["GET"]}}],"collection":[{"href":"https:\/\/stollar.eu\/lt\/wp-json\/wp\/v2\/product"}],"about":[{"href":"https:\/\/stollar.eu\/lt\/wp-json\/wp\/v2\/types\/product"}],"version-history":[{"count":0,"href":"https:\/\/stollar.eu\/lt\/wp-json\/wp\/v2\/product\/23103\/revisions"}],"wp:featuredmedia":[{"embeddable":true,"href":"https:\/\/stollar.eu\/lt\/wp-json\/wp\/v2\/media\/22887"}],"wp:attachment":[{"href":"https:\/\/stollar.eu\/lt\/wp-json\/wp\/v2\/media?parent=23103"}],"wp:term":[{"taxonomy":"product_brand","embeddable":true,"href":"https:\/\/stollar.eu\/lt\/wp-json\/wp\/v2\/product_brand?post=23103"},{"taxonomy":"product_cat","embeddable":true,"href":"https:\/\/stollar.eu\/lt\/wp-json\/wp\/v2\/product_cat?post=23103"},{"taxonomy":"product_tag","embeddable":true,"href":"https:\/\/stollar.eu\/lt\/wp-json\/wp\/v2\/product_tag?post=23103"}],"curies":[{"name":"wp","href":"https:\/\/api.w.org\/{rel}","templated":true}]}}