{"id":23096,"date":"2024-08-13T10:11:10","date_gmt":"2024-08-13T08:11:10","guid":{"rendered":"https:\/\/stollar.eu\/be-kategorijos\/the-rechargeable-battery-ikraunama-baterija-ast900\/"},"modified":"2025-05-21T18:54:51","modified_gmt":"2025-05-21T16:54:51","slug":"the-rechargeable-battery-ikraunama-baterija-ast900","status":"publish","type":"product","link":"https:\/\/stollar.eu\/lt\/priedai\/the-rechargeable-battery-ikraunama-baterija-ast900\/","title":{"rendered":"the Rechargeable Battery \u012fkraunama baterija AST900"},"content":{"rendered":"","protected":false},"excerpt":{"rendered":"<h2>12 V didel\u0117s talpos baterija, skirta \u201eStollar\u201c akumuliatorini\u0173 prietais\u0173 serijos produktams.<\/h2>\n<ul>\n<li>\u012ekraunama 12 V li\u010dio jon\u0173 baterija<\/li>\n<li>C tipo USB jungtis<\/li>\n<li>20 minu\u010di\u0173 trukm\u0117s greitas \u012fkrovimas<\/li>\n<li>1 met\u0173 ribota garantija<\/li>\n<\/ul>\n","protected":false},"featured_media":23004,"template":"","meta":{"_acf_changed":false},"product_brand":[],"product_cat":[442],"product_tag":[],"class_list":{"0":"post-23096","1":"product","2":"type-product","3":"status-publish","4":"has-post-thumbnail","6":"product_cat-priedai","8":"first","9":"instock","10":"taxable","11":"shipping-taxable","12":"purchasable","13":"product-type-simple"},"acf":[],"_links":{"self":[{"href":"https:\/\/stollar.eu\/lt\/wp-json\/wp\/v2\/product\/23096","targetHints":{"allow":["GET"]}}],"collection":[{"href":"https:\/\/stollar.eu\/lt\/wp-json\/wp\/v2\/product"}],"about":[{"href":"https:\/\/stollar.eu\/lt\/wp-json\/wp\/v2\/types\/product"}],"version-history":[{"count":0,"href":"https:\/\/stollar.eu\/lt\/wp-json\/wp\/v2\/product\/23096\/revisions"}],"wp:featuredmedia":[{"embeddable":true,"href":"https:\/\/stollar.eu\/lt\/wp-json\/wp\/v2\/media\/23004"}],"wp:attachment":[{"href":"https:\/\/stollar.eu\/lt\/wp-json\/wp\/v2\/media?parent=23096"}],"wp:term":[{"taxonomy":"product_brand","embeddable":true,"href":"https:\/\/stollar.eu\/lt\/wp-json\/wp\/v2\/product_brand?post=23096"},{"taxonomy":"product_cat","embeddable":true,"href":"https:\/\/stollar.eu\/lt\/wp-json\/wp\/v2\/product_cat?post=23096"},{"taxonomy":"product_tag","embeddable":true,"href":"https:\/\/stollar.eu\/lt\/wp-json\/wp\/v2\/product_tag?post=23096"}],"curies":[{"name":"wp","href":"https:\/\/api.w.org\/{rel}","templated":true}]}}