{"id":23091,"date":"2024-11-14T11:00:51","date_gmt":"2024-11-14T09:00:51","guid":{"rendered":"https:\/\/stollar.eu\/be-kategorijos\/the-comfort-kettle-pro-virdulys-tks500\/"},"modified":"2025-05-21T18:56:15","modified_gmt":"2025-05-21T16:56:15","slug":"the-comfort-kettle-pro-virdulys-tks500","status":"publish","type":"product","link":"https:\/\/stollar.eu\/lt\/virduliai\/the-comfort-kettle-pro-virdulys-tks500\/","title":{"rendered":"the Comfort Kettle Pro virdulys TKS500"},"content":{"rendered":"","protected":false},"excerpt":{"rendered":"<h2>1,7 litro talpos dvigubos sienel\u0117s virdulys su<br \/>\n7 temperat\u016bros nustatymais.<\/h2>\n<ul>\n<li>1,7 litro talpa<\/li>\n<li>40 \u2013 100\u00b0C temperat\u016bros valdymas<\/li>\n<li>60 minu\u010di\u0173 \u0161ilumos palaikymo funkcija<\/li>\n<li>Dvigubos sienel\u0117s ne\u012fkaistantis dizainas<\/li>\n<li>Nuovir\u0173 filtras<\/li>\n<li>2 200 W greito u\u017evirimo funkcija<\/li>\n<li>2 met\u0173 garantija<\/li>\n<\/ul>\n","protected":false},"featured_media":23016,"template":"","meta":{"_acf_changed":false},"product_brand":[],"product_cat":[419],"product_tag":[],"class_list":{"0":"post-23091","1":"product","2":"type-product","3":"status-publish","4":"has-post-thumbnail","6":"product_cat-virduliai","8":"first","9":"instock","10":"taxable","11":"shipping-taxable","12":"purchasable","13":"product-type-simple"},"acf":[],"_links":{"self":[{"href":"https:\/\/stollar.eu\/lt\/wp-json\/wp\/v2\/product\/23091","targetHints":{"allow":["GET"]}}],"collection":[{"href":"https:\/\/stollar.eu\/lt\/wp-json\/wp\/v2\/product"}],"about":[{"href":"https:\/\/stollar.eu\/lt\/wp-json\/wp\/v2\/types\/product"}],"version-history":[{"count":0,"href":"https:\/\/stollar.eu\/lt\/wp-json\/wp\/v2\/product\/23091\/revisions"}],"wp:featuredmedia":[{"embeddable":true,"href":"https:\/\/stollar.eu\/lt\/wp-json\/wp\/v2\/media\/23016"}],"wp:attachment":[{"href":"https:\/\/stollar.eu\/lt\/wp-json\/wp\/v2\/media?parent=23091"}],"wp:term":[{"taxonomy":"product_brand","embeddable":true,"href":"https:\/\/stollar.eu\/lt\/wp-json\/wp\/v2\/product_brand?post=23091"},{"taxonomy":"product_cat","embeddable":true,"href":"https:\/\/stollar.eu\/lt\/wp-json\/wp\/v2\/product_cat?post=23091"},{"taxonomy":"product_tag","embeddable":true,"href":"https:\/\/stollar.eu\/lt\/wp-json\/wp\/v2\/product_tag?post=23091"}],"curies":[{"name":"wp","href":"https:\/\/api.w.org\/{rel}","templated":true}]}}