{"id":22929,"date":"2024-08-09T16:16:07","date_gmt":"2024-08-09T14:16:07","guid":{"rendered":"https:\/\/stollar.eu\/be-kategorijos\/the-drip-cafe-kavos-aparatas-ska720\/"},"modified":"2025-05-21T18:54:26","modified_gmt":"2025-05-21T16:54:26","slug":"the-drip-cafe-kavos-aparatas-ska720","status":"publish","type":"product","link":"https:\/\/stollar.eu\/lt\/kavos-prietaisai\/the-drip-cafe-kavos-aparatas-ska720\/","title":{"rendered":"the Drip Caf\u00e9 kavos aparatas SKA720"},"content":{"rendered":"","protected":false},"excerpt":{"rendered":"<h2>1,25 litro kavos aparatas, pasi\u017eymintis kompakti\u0161ku ner\u016bdijan\u010diojo plieno dizainu.<\/h2>\n<ul>\n<li>Galinga 1250 W kaitinimo sistema<\/li>\n<li>1,25 litro vandens rezervuaras su vandens lygio indikatoriumi<\/li>\n<li>1,25 litro stiklinis \u0105sotis<\/li>\n<li>Nuo la\u0161\u0117jimo saugantis vo\u017etuvas<\/li>\n<li>\u0160ilumos palaikymo funkcija<\/li>\n<li>Automatinis i\u0161sijungimas, pra\u0117jus 40 minu\u010di\u0173 po u\u017eplikymo<\/li>\n<li>Apsauga nuo perkaitimo<\/li>\n<li>Lengvai pasiekiamas nuolatinis filtras<\/li>\n<li>Nelimpan\u010dia danga padengtas puodeli\u0173 pa\u0161ildymo pad\u0117kliukas<\/li>\n<li>Ner\u016bdijan\u010diojo plieno dizainas<\/li>\n<li>Maitinimo mygtukas su spalvota indikacija<\/li>\n<li>2 met\u0173 gaminio garantija<\/li>\n<\/ul>\n","protected":false},"featured_media":22916,"template":"","meta":{"_acf_changed":false},"product_brand":[],"product_cat":[236],"product_tag":[],"class_list":{"0":"post-22929","1":"product","2":"type-product","3":"status-publish","4":"has-post-thumbnail","6":"product_cat-kavos-prietaisai","8":"first","9":"instock","10":"taxable","11":"shipping-taxable","12":"purchasable","13":"product-type-simple"},"acf":[],"_links":{"self":[{"href":"https:\/\/stollar.eu\/lt\/wp-json\/wp\/v2\/product\/22929","targetHints":{"allow":["GET"]}}],"collection":[{"href":"https:\/\/stollar.eu\/lt\/wp-json\/wp\/v2\/product"}],"about":[{"href":"https:\/\/stollar.eu\/lt\/wp-json\/wp\/v2\/types\/product"}],"version-history":[{"count":0,"href":"https:\/\/stollar.eu\/lt\/wp-json\/wp\/v2\/product\/22929\/revisions"}],"wp:featuredmedia":[{"embeddable":true,"href":"https:\/\/stollar.eu\/lt\/wp-json\/wp\/v2\/media\/22916"}],"wp:attachment":[{"href":"https:\/\/stollar.eu\/lt\/wp-json\/wp\/v2\/media?parent=22929"}],"wp:term":[{"taxonomy":"product_brand","embeddable":true,"href":"https:\/\/stollar.eu\/lt\/wp-json\/wp\/v2\/product_brand?post=22929"},{"taxonomy":"product_cat","embeddable":true,"href":"https:\/\/stollar.eu\/lt\/wp-json\/wp\/v2\/product_cat?post=22929"},{"taxonomy":"product_tag","embeddable":true,"href":"https:\/\/stollar.eu\/lt\/wp-json\/wp\/v2\/product_tag?post=22929"}],"curies":[{"name":"wp","href":"https:\/\/api.w.org\/{rel}","templated":true}]}}