{"id":22672,"date":"2024-07-18T14:32:49","date_gmt":"2024-07-18T12:32:49","guid":{"rendered":"https:\/\/stollar.eu\/be-kategorijos\/the-convection-oven-chef-krosnele-sto740\/"},"modified":"2024-12-12T14:19:34","modified_gmt":"2024-12-12T12:19:34","slug":"the-convection-oven-chef-krosnele-sto740","status":"publish","type":"product","link":"https:\/\/stollar.eu\/lt\/krosneles\/the-convection-oven-chef-krosnele-sto740\/","title":{"rendered":"the Convection Oven Chef krosnel\u0117 STO740"},"content":{"rendered":"","protected":false},"excerpt":{"rendered":"<h2>Talpi 40 litr\u0173 konvekcin\u0117 krosnel\u0117 su 2 keramin\u0117mis kepimo plok\u0161t\u0117mis.<\/h2>\n<ul>\n<li>40 litr\u0173 krosnel\u0117s talpa<\/li>\n<li>100 \u2013 230\u00b0C reguliuojama krosnel\u0117s temperat\u016bra<\/li>\n<li>Konvekcinis ventiliatorius, skirtas pagreitinti kepimo proces\u0105<\/li>\n<li>600 \u2013 1 200 W keramin\u0117 kepimo plok\u0161t\u0117<\/li>\n<li>400 \u2013 800 W keramin\u0117 kepimo pl<\/li>\n<li>2 met\u0173 gamintojo garantija<\/li>\n<\/ul>\n","protected":false},"featured_media":22660,"template":"","meta":{"_acf_changed":false},"product_brand":[],"product_cat":[476],"product_tag":[],"class_list":{"0":"post-22672","1":"product","2":"type-product","3":"status-publish","4":"has-post-thumbnail","6":"product_cat-krosneles","8":"first","9":"instock","10":"taxable","11":"shipping-taxable","12":"purchasable","13":"product-type-simple"},"acf":[],"_links":{"self":[{"href":"https:\/\/stollar.eu\/lt\/wp-json\/wp\/v2\/product\/22672","targetHints":{"allow":["GET"]}}],"collection":[{"href":"https:\/\/stollar.eu\/lt\/wp-json\/wp\/v2\/product"}],"about":[{"href":"https:\/\/stollar.eu\/lt\/wp-json\/wp\/v2\/types\/product"}],"version-history":[{"count":0,"href":"https:\/\/stollar.eu\/lt\/wp-json\/wp\/v2\/product\/22672\/revisions"}],"wp:featuredmedia":[{"embeddable":true,"href":"https:\/\/stollar.eu\/lt\/wp-json\/wp\/v2\/media\/22660"}],"wp:attachment":[{"href":"https:\/\/stollar.eu\/lt\/wp-json\/wp\/v2\/media?parent=22672"}],"wp:term":[{"taxonomy":"product_brand","embeddable":true,"href":"https:\/\/stollar.eu\/lt\/wp-json\/wp\/v2\/product_brand?post=22672"},{"taxonomy":"product_cat","embeddable":true,"href":"https:\/\/stollar.eu\/lt\/wp-json\/wp\/v2\/product_cat?post=22672"},{"taxonomy":"product_tag","embeddable":true,"href":"https:\/\/stollar.eu\/lt\/wp-json\/wp\/v2\/product_tag?post=22672"}],"curies":[{"name":"wp","href":"https:\/\/api.w.org\/{rel}","templated":true}]}}