{"id":22654,"date":"2024-07-18T13:23:26","date_gmt":"2024-07-18T11:23:26","guid":{"rendered":"https:\/\/stollar.eu\/be-kategorijos\/the-convection-oven-plus-krosnele-sto735\/"},"modified":"2025-03-11T17:28:43","modified_gmt":"2025-03-11T15:28:43","slug":"the-convection-oven-plus-krosnele-sto735","status":"publish","type":"product","link":"https:\/\/stollar.eu\/lt\/krosneles\/the-convection-oven-plus-krosnele-sto735\/","title":{"rendered":"the Convection Oven Plus krosnel\u0117 STO735"},"content":{"rendered":"","protected":false},"excerpt":{"rendered":"<h2>Talpi 35 litr\u0173 konvekcin\u0117 krosnel\u0117 su mechaniniais valdymo elementais.<\/h2>\n<ul>\n<li>Konvekcijos ventiliatorius, skubinantis gamybos proces\u0105<\/li>\n<li>Talpi 35 litr\u0173 talpa<\/li>\n<li>At\u0161vaitus dviguba stiklo durys ir at\u0161vaitus pavir\u0161iai saugesnei naudojimui<\/li>\n<li>70-230\u00b0C kintama temperat\u016bra<\/li>\n<li>120 minut\u0117s laikmatis<\/li>\n<li>1800 W didel\u0117 galia<\/li>\n<li>3 lentyn\u0173 auk\u0161tai<\/li>\n<li>Neprilipanti danga dengta kepimo skarda<\/li>\n<li>2 met\u0173 garantija u\u017e produkt\u0105<\/li>\n<\/ul>\n","protected":false},"featured_media":22642,"template":"","meta":{"_acf_changed":false},"product_brand":[],"product_cat":[476],"product_tag":[],"class_list":{"0":"post-22654","1":"product","2":"type-product","3":"status-publish","4":"has-post-thumbnail","6":"product_cat-krosneles","8":"first","9":"instock","10":"taxable","11":"shipping-taxable","12":"purchasable","13":"product-type-simple"},"acf":[],"_links":{"self":[{"href":"https:\/\/stollar.eu\/lt\/wp-json\/wp\/v2\/product\/22654","targetHints":{"allow":["GET"]}}],"collection":[{"href":"https:\/\/stollar.eu\/lt\/wp-json\/wp\/v2\/product"}],"about":[{"href":"https:\/\/stollar.eu\/lt\/wp-json\/wp\/v2\/types\/product"}],"version-history":[{"count":0,"href":"https:\/\/stollar.eu\/lt\/wp-json\/wp\/v2\/product\/22654\/revisions"}],"wp:featuredmedia":[{"embeddable":true,"href":"https:\/\/stollar.eu\/lt\/wp-json\/wp\/v2\/media\/22642"}],"wp:attachment":[{"href":"https:\/\/stollar.eu\/lt\/wp-json\/wp\/v2\/media?parent=22654"}],"wp:term":[{"taxonomy":"product_brand","embeddable":true,"href":"https:\/\/stollar.eu\/lt\/wp-json\/wp\/v2\/product_brand?post=22654"},{"taxonomy":"product_cat","embeddable":true,"href":"https:\/\/stollar.eu\/lt\/wp-json\/wp\/v2\/product_cat?post=22654"},{"taxonomy":"product_tag","embeddable":true,"href":"https:\/\/stollar.eu\/lt\/wp-json\/wp\/v2\/product_tag?post=22654"}],"curies":[{"name":"wp","href":"https:\/\/api.w.org\/{rel}","templated":true}]}}