{"id":22636,"date":"2024-07-18T13:11:22","date_gmt":"2024-07-18T11:11:22","guid":{"rendered":"https:\/\/stollar.eu\/be-kategorijos\/the-blend-crush-maisytuvas-stb700\/"},"modified":"2025-06-11T18:26:28","modified_gmt":"2025-06-11T16:26:28","slug":"the-blend-crush-maisytuvas-stb700","status":"publish","type":"product","link":"https:\/\/stollar.eu\/lt\/plaktuvai\/the-blend-crush-maisytuvas-stb700\/","title":{"rendered":"the Blend &#038; Crush mai\u0161ytuvas STB700"},"content":{"rendered":"","protected":false},"excerpt":{"rendered":"<h2>Galingas 1500 W mai\u0161ytuvas su kei\u010diamu grei\u010diu ir 1,5 litro stiklin\u0119 \u0105sotimi.<\/h2>\n<ul>\n<li>Galingas 1500 W variklis<\/li>\n<li>Maksimalus 21000 RPM na\u0161umas<\/li>\n<li>6 vieno prisilietimo programos &#8211; skrudintas, ledo trintas, mai\u0161ytas, tyras, ledus ir valymas<\/li>\n<li>Kei\u010diamas grei\u010dio valdymas<\/li>\n<li>I\u0161imami ner\u016bdijan\u010dio plieno peiliai<\/li>\n<li>Talpus 1,5 litro stiklin\u0117 \u0105sotis<\/li>\n<li>Matinis ner\u016bdijan\u010dio plieno korpusas<\/li>\n<li>Perkaitimo apsauga ir saugos u\u017eraktas<\/li>\n<li>2 met\u0173 gamintojo garantija<\/li>\n<\/ul>\n","protected":false},"featured_media":22611,"template":"","meta":{"_acf_changed":false},"product_brand":[],"product_cat":[405],"product_tag":[],"class_list":{"0":"post-22636","1":"product","2":"type-product","3":"status-publish","4":"has-post-thumbnail","6":"product_cat-plaktuvai","8":"first","9":"instock","10":"taxable","11":"shipping-taxable","12":"purchasable","13":"product-type-simple"},"acf":[],"_links":{"self":[{"href":"https:\/\/stollar.eu\/lt\/wp-json\/wp\/v2\/product\/22636","targetHints":{"allow":["GET"]}}],"collection":[{"href":"https:\/\/stollar.eu\/lt\/wp-json\/wp\/v2\/product"}],"about":[{"href":"https:\/\/stollar.eu\/lt\/wp-json\/wp\/v2\/types\/product"}],"version-history":[{"count":0,"href":"https:\/\/stollar.eu\/lt\/wp-json\/wp\/v2\/product\/22636\/revisions"}],"wp:featuredmedia":[{"embeddable":true,"href":"https:\/\/stollar.eu\/lt\/wp-json\/wp\/v2\/media\/22611"}],"wp:attachment":[{"href":"https:\/\/stollar.eu\/lt\/wp-json\/wp\/v2\/media?parent=22636"}],"wp:term":[{"taxonomy":"product_brand","embeddable":true,"href":"https:\/\/stollar.eu\/lt\/wp-json\/wp\/v2\/product_brand?post=22636"},{"taxonomy":"product_cat","embeddable":true,"href":"https:\/\/stollar.eu\/lt\/wp-json\/wp\/v2\/product_cat?post=22636"},{"taxonomy":"product_tag","embeddable":true,"href":"https:\/\/stollar.eu\/lt\/wp-json\/wp\/v2\/product_tag?post=22636"}],"curies":[{"name":"wp","href":"https:\/\/api.w.org\/{rel}","templated":true}]}}