{"id":22551,"date":"2023-06-01T00:00:00","date_gmt":"2023-05-31T22:00:00","guid":{"rendered":"https:\/\/stollar.eu\/be-kategorijos\/the-activelife-sky-blue-maisytuvas-snb550s\/"},"modified":"2025-03-11T17:32:06","modified_gmt":"2025-03-11T15:32:06","slug":"the-activelife-sky-blue-maisytuvas-snb550s","status":"publish","type":"product","link":"https:\/\/stollar.eu\/lt\/plaktuvai\/the-activelife-sky-blue-maisytuvas-snb550s\/","title":{"rendered":"the ActiveLife Sky Blue mai\u0161ytuvas SNB550S"},"content":{"rendered":"","protected":false},"excerpt":{"rendered":"<h2>Galingas 1000 W BPA neturintis mai\u0161ytuvas su smulkintuvu.<\/h2>\n<ul>\n<li>Galingas 1000 W variklis<\/li>\n<li>Na\u0161umas 23 000 aps.\/min.<\/li>\n<li>Ne\u0161eriuojantis plieninis korpusas<\/li>\n<li>Kry\u017eminis peilis mai\u0161ymui, plok\u0161\u010diasis peilis smulkintuvui<\/li>\n<li>Patvarus BPA neturintis Tritan\u00ae mai\u0161ymo (1 l) ir smulkinimo \u0105sotis (0,45 l), galima plauti indaplov\u0117je<\/li>\n<li>Nuimamas dangtis ir 2 dangteliai laikymui<\/li>\n<li>3 met\u0173 produkto garantija<\/li>\n<\/ul>\n","protected":false},"featured_media":22552,"template":"","meta":{"_acf_changed":false},"product_brand":[],"product_cat":[405],"product_tag":[],"class_list":{"0":"post-22551","1":"product","2":"type-product","3":"status-publish","4":"has-post-thumbnail","6":"product_cat-plaktuvai","8":"first","9":"instock","10":"taxable","11":"shipping-taxable","12":"purchasable","13":"product-type-simple"},"acf":[],"_links":{"self":[{"href":"https:\/\/stollar.eu\/lt\/wp-json\/wp\/v2\/product\/22551","targetHints":{"allow":["GET"]}}],"collection":[{"href":"https:\/\/stollar.eu\/lt\/wp-json\/wp\/v2\/product"}],"about":[{"href":"https:\/\/stollar.eu\/lt\/wp-json\/wp\/v2\/types\/product"}],"version-history":[{"count":0,"href":"https:\/\/stollar.eu\/lt\/wp-json\/wp\/v2\/product\/22551\/revisions"}],"wp:featuredmedia":[{"embeddable":true,"href":"https:\/\/stollar.eu\/lt\/wp-json\/wp\/v2\/media\/22552"}],"wp:attachment":[{"href":"https:\/\/stollar.eu\/lt\/wp-json\/wp\/v2\/media?parent=22551"}],"wp:term":[{"taxonomy":"product_brand","embeddable":true,"href":"https:\/\/stollar.eu\/lt\/wp-json\/wp\/v2\/product_brand?post=22551"},{"taxonomy":"product_cat","embeddable":true,"href":"https:\/\/stollar.eu\/lt\/wp-json\/wp\/v2\/product_cat?post=22551"},{"taxonomy":"product_tag","embeddable":true,"href":"https:\/\/stollar.eu\/lt\/wp-json\/wp\/v2\/product_tag?post=22551"}],"curies":[{"name":"wp","href":"https:\/\/api.w.org\/{rel}","templated":true}]}}