{"id":21166,"date":"2024-06-01T00:00:00","date_gmt":"2024-05-31T22:00:00","guid":{"rendered":"https:\/\/stollar.eu\/be-kategorijos\/vaisiu-ir-darzoviu-sulciaspaude-juice-spiede-jes650\/"},"modified":"2025-03-31T13:45:38","modified_gmt":"2025-03-31T11:45:38","slug":"the-fruit-veggie-juicer-sulciaspaude-jes650","status":"publish","type":"product","link":"https:\/\/stollar.eu\/lt\/sulciaspaudes\/the-fruit-veggie-juicer-sulciaspaude-jes650\/","title":{"rendered":"the Fruit &amp; Veggie Juicer sul\u010diaspaud\u0117 JES650"},"content":{"rendered":"","protected":false},"excerpt":{"rendered":"<h2>Sul\u010diaspaud\u0117 su didesniu padavimo lataku.<\/h2>\n<div>\n<ul>\n<li>85 mm ypa\u010d platus padavimo latakas<\/li>\n<li>2 grei\u010di\u0173 elektroninis valdymas mink\u0161t\u0173 ir kiet\u0173 vaisi\u0173 sultims spausti<\/li>\n<li>1,1 litro sul\u010di\u0173 indas su putos separatoriumi<\/li>\n<li>Ypa\u010d didel\u0117 2 l talpa mink\u0161timui surinkti \u2013 daugiau sul\u010di\u0173, ma\u017eiau sustojim\u0173<\/li>\n<li>800\u2009W<\/li>\n<li>2 met\u0173 produkto garantija<\/li>\n<\/ul>\n<\/div>\n","protected":false},"featured_media":21167,"template":"","meta":{"_acf_changed":false},"product_brand":[],"product_cat":[451],"product_tag":[],"class_list":{"0":"post-21166","1":"product","2":"type-product","3":"status-publish","4":"has-post-thumbnail","6":"product_cat-sulciaspaudes","8":"first","9":"instock","10":"taxable","11":"shipping-taxable","12":"purchasable","13":"product-type-simple"},"acf":[],"_links":{"self":[{"href":"https:\/\/stollar.eu\/lt\/wp-json\/wp\/v2\/product\/21166","targetHints":{"allow":["GET"]}}],"collection":[{"href":"https:\/\/stollar.eu\/lt\/wp-json\/wp\/v2\/product"}],"about":[{"href":"https:\/\/stollar.eu\/lt\/wp-json\/wp\/v2\/types\/product"}],"version-history":[{"count":0,"href":"https:\/\/stollar.eu\/lt\/wp-json\/wp\/v2\/product\/21166\/revisions"}],"wp:featuredmedia":[{"embeddable":true,"href":"https:\/\/stollar.eu\/lt\/wp-json\/wp\/v2\/media\/21167"}],"wp:attachment":[{"href":"https:\/\/stollar.eu\/lt\/wp-json\/wp\/v2\/media?parent=21166"}],"wp:term":[{"taxonomy":"product_brand","embeddable":true,"href":"https:\/\/stollar.eu\/lt\/wp-json\/wp\/v2\/product_brand?post=21166"},{"taxonomy":"product_cat","embeddable":true,"href":"https:\/\/stollar.eu\/lt\/wp-json\/wp\/v2\/product_cat?post=21166"},{"taxonomy":"product_tag","embeddable":true,"href":"https:\/\/stollar.eu\/lt\/wp-json\/wp\/v2\/product_tag?post=21166"}],"curies":[{"name":"wp","href":"https:\/\/api.w.org\/{rel}","templated":true}]}}