{"id":21152,"date":"2024-06-01T00:00:00","date_gmt":"2024-05-31T22:00:00","guid":{"rendered":"https:\/\/stollar.eu\/be-kategorijos\/mikrobangu-krosnele-express-wave-smv451\/"},"modified":"2024-08-01T16:11:24","modified_gmt":"2024-08-01T14:11:24","slug":"mikrobangu-krosnele-express-wave-smv451","status":"publish","type":"product","link":"https:\/\/stollar.eu\/lt\/mikrobangu-krosneles\/mikrobangu-krosnele-express-wave-smv451\/","title":{"rendered":"the Express Wave mikrobang\u0173 krosnel\u0117 SMV451"},"content":{"rendered":"","protected":false},"excerpt":{"rendered":"<h2>Kompakti\u0161ka 20 litr\u0173 talpos mikrobang\u0173 krosnel\u0117 su intuityviu valdymu.<\/h2>\n<div>\n<ul>\n<li>700 W mikrobang\u0173 krosnel\u0117s galia<\/li>\n<li>245 mm stiklo pad\u0117klas<\/li>\n<li>Laiko reguliavimo suktukas su atitirpinimo funkcija<\/li>\n<li>Galios reguliavimo suktukas<\/li>\n<li>Durys su apsauginiu jungikliu<\/li>\n<li>Kompakti\u0161kas dizainas<\/li>\n<li>3 met\u0173 produkto garantija<\/li>\n<\/ul>\n<\/div>\n","protected":false},"featured_media":21154,"template":"","meta":{"_acf_changed":false},"product_brand":[],"product_cat":[479],"product_tag":[],"class_list":{"0":"post-21152","1":"product","2":"type-product","3":"status-publish","4":"has-post-thumbnail","6":"product_cat-mikrobangu-krosneles","8":"first","9":"instock","10":"taxable","11":"shipping-taxable","12":"purchasable","13":"product-type-simple"},"acf":[],"_links":{"self":[{"href":"https:\/\/stollar.eu\/lt\/wp-json\/wp\/v2\/product\/21152","targetHints":{"allow":["GET"]}}],"collection":[{"href":"https:\/\/stollar.eu\/lt\/wp-json\/wp\/v2\/product"}],"about":[{"href":"https:\/\/stollar.eu\/lt\/wp-json\/wp\/v2\/types\/product"}],"version-history":[{"count":0,"href":"https:\/\/stollar.eu\/lt\/wp-json\/wp\/v2\/product\/21152\/revisions"}],"wp:featuredmedia":[{"embeddable":true,"href":"https:\/\/stollar.eu\/lt\/wp-json\/wp\/v2\/media\/21154"}],"wp:attachment":[{"href":"https:\/\/stollar.eu\/lt\/wp-json\/wp\/v2\/media?parent=21152"}],"wp:term":[{"taxonomy":"product_brand","embeddable":true,"href":"https:\/\/stollar.eu\/lt\/wp-json\/wp\/v2\/product_brand?post=21152"},{"taxonomy":"product_cat","embeddable":true,"href":"https:\/\/stollar.eu\/lt\/wp-json\/wp\/v2\/product_cat?post=21152"},{"taxonomy":"product_tag","embeddable":true,"href":"https:\/\/stollar.eu\/lt\/wp-json\/wp\/v2\/product_tag?post=21152"}],"curies":[{"name":"wp","href":"https:\/\/api.w.org\/{rel}","templated":true}]}}