{"id":21130,"date":"2024-06-01T00:00:00","date_gmt":"2024-05-31T22:00:00","guid":{"rendered":"https:\/\/stollar.eu\/be-kategorijos\/power-grind-mesmale-bmg820\/"},"modified":"2024-08-08T14:34:47","modified_gmt":"2024-08-08T12:34:47","slug":"power-grind-mesmale-bmg820","status":"publish","type":"product","link":"https:\/\/stollar.eu\/lt\/mesmales\/power-grind-mesmale-bmg820\/","title":{"rendered":"the Power Grind m\u0117smal\u0117 BMG820"},"content":{"rendered":"","protected":false},"excerpt":{"rendered":"<h2>Galinga 3000W m\u0117smal\u0117 su patvariu metaliniu sraigtu.<\/h2>\n<div>\n<ul>\n<li>Did\u017eiausias galingumas: 3000 W<\/li>\n<li>Tvirtas metalinis sraigtas<\/li>\n<li>2 grei\u010di\u0173 parametrai ir atbulin\u0117s eigos re\u017eimas<\/li>\n<li>3 malimo sieteliai<\/li>\n<li>U\u017edengta d\u0117\u017eut\u0117, skirta laikyti malimo diskus ir de\u0161r\u0173 gaminimo priedus<\/li>\n<li>2 met\u0173 garantija<\/li>\n<\/ul>\n<\/div>\n","protected":false},"featured_media":21134,"template":"","meta":{"_acf_changed":false},"product_brand":[],"product_cat":[429],"product_tag":[],"class_list":{"0":"post-21130","1":"product","2":"type-product","3":"status-publish","4":"has-post-thumbnail","6":"product_cat-mesmales","8":"first","9":"instock","10":"featured","11":"taxable","12":"shipping-taxable","13":"purchasable","14":"product-type-simple"},"acf":[],"_links":{"self":[{"href":"https:\/\/stollar.eu\/lt\/wp-json\/wp\/v2\/product\/21130","targetHints":{"allow":["GET"]}}],"collection":[{"href":"https:\/\/stollar.eu\/lt\/wp-json\/wp\/v2\/product"}],"about":[{"href":"https:\/\/stollar.eu\/lt\/wp-json\/wp\/v2\/types\/product"}],"version-history":[{"count":0,"href":"https:\/\/stollar.eu\/lt\/wp-json\/wp\/v2\/product\/21130\/revisions"}],"wp:featuredmedia":[{"embeddable":true,"href":"https:\/\/stollar.eu\/lt\/wp-json\/wp\/v2\/media\/21134"}],"wp:attachment":[{"href":"https:\/\/stollar.eu\/lt\/wp-json\/wp\/v2\/media?parent=21130"}],"wp:term":[{"taxonomy":"product_brand","embeddable":true,"href":"https:\/\/stollar.eu\/lt\/wp-json\/wp\/v2\/product_brand?post=21130"},{"taxonomy":"product_cat","embeddable":true,"href":"https:\/\/stollar.eu\/lt\/wp-json\/wp\/v2\/product_cat?post=21130"},{"taxonomy":"product_tag","embeddable":true,"href":"https:\/\/stollar.eu\/lt\/wp-json\/wp\/v2\/product_tag?post=21130"}],"curies":[{"name":"wp","href":"https:\/\/api.w.org\/{rel}","templated":true}]}}