{"id":21063,"date":"2023-06-01T00:00:00","date_gmt":"2023-05-31T22:00:00","guid":{"rendered":"https:\/\/stollar.eu\/be-kategorijos\/vacuumfresh-vakuumine-pakavimo-masina-bvs600\/"},"modified":"2025-03-11T17:29:05","modified_gmt":"2025-03-11T15:29:05","slug":"the-vacuumfresh-vakuumavimo-aparatas-bvs600","status":"publish","type":"product","link":"https:\/\/stollar.eu\/lt\/vakuumatoriai\/the-vacuumfresh-vakuumavimo-aparatas-bvs600\/","title":{"rendered":"the VacuumFresh vakuumavimo aparatas BVS600"},"content":{"rendered":"","protected":false},"excerpt":{"rendered":"<h2>Vakuuminis pakavimo \u012frenginys su pilno dyd\u017eio sulydymo b\u0117giais itin saugiems mai\u0161eliams gaminti.<\/h2>\n<div>\n<ul>\n<li>Galingas st\u016bmoklinis siurblys, u\u017etikrinantis maksimal\u0173 -0,75 bar vakuumo \u012fsiurbimo sl\u0117g\u012f<\/li>\n<li>9 l\/min vakuuminio siurbimo greitis<\/li>\n<li>Viso dyd\u017eio 2,5 mm storio pakavimo \u012ftaisas tinka 30 cm plo\u010dio mai\u0161eliams ir mai\u0161eli\u0173 ritiniams.<\/li>\n<li>Vamzd\u017eio jungtis skardin\u0117ms ir kitiems priedams prijungti.<\/li>\n<li>Impulsinis vakuumo re\u017eimas, skirtas rankiniu b\u016bdu reguliuoti siurbimo sl\u0117g\u012f.<\/li>\n<li>3 met\u0173 produkto garantija<\/li>\n<\/ul>\n<\/div>\n","protected":false},"featured_media":21065,"template":"","meta":{"_acf_changed":false},"product_brand":[],"product_cat":[425],"product_tag":[],"class_list":{"0":"post-21063","1":"product","2":"type-product","3":"status-publish","4":"has-post-thumbnail","6":"product_cat-vakuumatoriai","8":"first","9":"instock","10":"taxable","11":"shipping-taxable","12":"purchasable","13":"product-type-simple"},"acf":[],"_links":{"self":[{"href":"https:\/\/stollar.eu\/lt\/wp-json\/wp\/v2\/product\/21063","targetHints":{"allow":["GET"]}}],"collection":[{"href":"https:\/\/stollar.eu\/lt\/wp-json\/wp\/v2\/product"}],"about":[{"href":"https:\/\/stollar.eu\/lt\/wp-json\/wp\/v2\/types\/product"}],"version-history":[{"count":0,"href":"https:\/\/stollar.eu\/lt\/wp-json\/wp\/v2\/product\/21063\/revisions"}],"wp:featuredmedia":[{"embeddable":true,"href":"https:\/\/stollar.eu\/lt\/wp-json\/wp\/v2\/media\/21065"}],"wp:attachment":[{"href":"https:\/\/stollar.eu\/lt\/wp-json\/wp\/v2\/media?parent=21063"}],"wp:term":[{"taxonomy":"product_brand","embeddable":true,"href":"https:\/\/stollar.eu\/lt\/wp-json\/wp\/v2\/product_brand?post=21063"},{"taxonomy":"product_cat","embeddable":true,"href":"https:\/\/stollar.eu\/lt\/wp-json\/wp\/v2\/product_cat?post=21063"},{"taxonomy":"product_tag","embeddable":true,"href":"https:\/\/stollar.eu\/lt\/wp-json\/wp\/v2\/product_tag?post=21063"}],"curies":[{"name":"wp","href":"https:\/\/api.w.org\/{rel}","templated":true}]}}