{"id":21050,"date":"2023-06-01T00:00:00","date_gmt":"2023-05-31T22:00:00","guid":{"rendered":"https:\/\/stollar.eu\/be-kategorijos\/vacuumfresh-sat60\/"},"modified":"2024-08-01T16:08:39","modified_gmt":"2024-08-01T14:08:39","slug":"vacuumfresh-sat60","status":"publish","type":"product","link":"https:\/\/stollar.eu\/lt\/priedai\/vacuumfresh-sat60\/","title":{"rendered":"the VacuumFresh indai SAT60"},"content":{"rendered":"","protected":false},"excerpt":{"rendered":"<h2>2800 ml ir 1000 ml vakuumin\u0117s pakuot\u0117s skardin\u0117s be bisfenolio A, skirtos \u0161vie\u017eiems ir marinuotiems maisto produktams.<\/h2>\n<div>\n<ul>\n<li>2800 ml ir 1000 ml<\/li>\n<li>Be bisfenolio A<\/li>\n<li>Datos ir m\u0117nesio kodavimo rodikliai<\/li>\n<li>Galima naudoti \u0161aldytuve, \u0161aldiklyje ir indaplov\u0117je<\/li>\n<li>Suderinamas su visais Stollar vakuuminiais pakuotojais<\/li>\n<\/ul>\n<\/div>\n","protected":false},"featured_media":21058,"template":"","meta":{"_acf_changed":false},"product_brand":[],"product_cat":[442,425],"product_tag":[],"class_list":{"0":"post-21050","1":"product","2":"type-product","3":"status-publish","4":"has-post-thumbnail","6":"product_cat-priedai","7":"product_cat-vakuumatoriai","9":"first","10":"instock","11":"taxable","12":"shipping-taxable","13":"purchasable","14":"product-type-simple"},"acf":[],"_links":{"self":[{"href":"https:\/\/stollar.eu\/lt\/wp-json\/wp\/v2\/product\/21050","targetHints":{"allow":["GET"]}}],"collection":[{"href":"https:\/\/stollar.eu\/lt\/wp-json\/wp\/v2\/product"}],"about":[{"href":"https:\/\/stollar.eu\/lt\/wp-json\/wp\/v2\/types\/product"}],"version-history":[{"count":0,"href":"https:\/\/stollar.eu\/lt\/wp-json\/wp\/v2\/product\/21050\/revisions"}],"wp:featuredmedia":[{"embeddable":true,"href":"https:\/\/stollar.eu\/lt\/wp-json\/wp\/v2\/media\/21058"}],"wp:attachment":[{"href":"https:\/\/stollar.eu\/lt\/wp-json\/wp\/v2\/media?parent=21050"}],"wp:term":[{"taxonomy":"product_brand","embeddable":true,"href":"https:\/\/stollar.eu\/lt\/wp-json\/wp\/v2\/product_brand?post=21050"},{"taxonomy":"product_cat","embeddable":true,"href":"https:\/\/stollar.eu\/lt\/wp-json\/wp\/v2\/product_cat?post=21050"},{"taxonomy":"product_tag","embeddable":true,"href":"https:\/\/stollar.eu\/lt\/wp-json\/wp\/v2\/product_tag?post=21050"}],"curies":[{"name":"wp","href":"https:\/\/api.w.org\/{rel}","templated":true}]}}