{"id":21029,"date":"2023-06-01T00:00:00","date_gmt":"2023-05-31T22:00:00","guid":{"rendered":"https:\/\/stollar.eu\/be-kategorijos\/vacuumfresh-maiseliai-sat50\/"},"modified":"2024-08-01T16:08:39","modified_gmt":"2024-08-01T14:08:39","slug":"vacuumfresh-maiseliai-sat50","status":"publish","type":"product","link":"https:\/\/stollar.eu\/lt\/priedai\/vacuumfresh-maiseliai-sat50\/","title":{"rendered":"the VacuumFresh mai\u0161eliai SAT50"},"content":{"rendered":"","protected":false},"excerpt":{"rendered":"<h2>50 22&#215;30 cm vakuumini\u0173 pakavimo mai\u0161eli\u0173 rinkini\u0173, skirt\u0173 vis\u0173 r\u016b\u0161i\u0173 maisto produkt\u0173 pakavimui.<\/h2>\n<div>\n<ul>\n<li>50 22&#215;30 cm dyd\u017eio mai\u0161eli\u0173 rinkini\u0173<\/li>\n<li>Puikus laikymas ir lengvas pa\u0161ildymas<\/li>\n<li>Galima laikyti \u0161aldytuve, \u0161aldiklyje, \u0161ildyti mikrobang\u0173 krosnel\u0117je ir virti ant silpnos ugnies.<\/li>\n<li>Suderinamas su visais Stollar vakuuminiais pakuotojais<\/li>\n<\/ul>\n<\/div>\n","protected":false},"featured_media":21032,"template":"","meta":{"_acf_changed":false},"product_brand":[],"product_cat":[442,425],"product_tag":[],"class_list":{"0":"post-21029","1":"product","2":"type-product","3":"status-publish","4":"has-post-thumbnail","6":"product_cat-priedai","7":"product_cat-vakuumatoriai","9":"first","10":"instock","11":"taxable","12":"shipping-taxable","13":"purchasable","14":"product-type-simple"},"acf":[],"_links":{"self":[{"href":"https:\/\/stollar.eu\/lt\/wp-json\/wp\/v2\/product\/21029","targetHints":{"allow":["GET"]}}],"collection":[{"href":"https:\/\/stollar.eu\/lt\/wp-json\/wp\/v2\/product"}],"about":[{"href":"https:\/\/stollar.eu\/lt\/wp-json\/wp\/v2\/types\/product"}],"version-history":[{"count":0,"href":"https:\/\/stollar.eu\/lt\/wp-json\/wp\/v2\/product\/21029\/revisions"}],"wp:featuredmedia":[{"embeddable":true,"href":"https:\/\/stollar.eu\/lt\/wp-json\/wp\/v2\/media\/21032"}],"wp:attachment":[{"href":"https:\/\/stollar.eu\/lt\/wp-json\/wp\/v2\/media?parent=21029"}],"wp:term":[{"taxonomy":"product_brand","embeddable":true,"href":"https:\/\/stollar.eu\/lt\/wp-json\/wp\/v2\/product_brand?post=21029"},{"taxonomy":"product_cat","embeddable":true,"href":"https:\/\/stollar.eu\/lt\/wp-json\/wp\/v2\/product_cat?post=21029"},{"taxonomy":"product_tag","embeddable":true,"href":"https:\/\/stollar.eu\/lt\/wp-json\/wp\/v2\/product_tag?post=21029"}],"curies":[{"name":"wp","href":"https:\/\/api.w.org\/{rel}","templated":true}]}}