{"id":21009,"date":"2024-06-01T00:00:00","date_gmt":"2024-05-31T22:00:00","guid":{"rendered":"https:\/\/stollar.eu\/be-kategorijos\/rapid-food-dryer-maisto-dziovintuvas-maisto-dziovintuvas-dhs800\/"},"modified":"2024-08-01T16:11:08","modified_gmt":"2024-08-01T14:11:08","slug":"maisto-produktu-dziovintuvas-the-rapid-food-dryer-dhs800","status":"publish","type":"product","link":"https:\/\/stollar.eu\/lt\/maisto-dziovintuvai\/maisto-produktu-dziovintuvas-the-rapid-food-dryer-dhs800\/","title":{"rendered":"Maisto produkt\u0173 d\u017eiovintuvas the Rapid Food Dryer DHS800"},"content":{"rendered":"","protected":false},"excerpt":{"rendered":"<h2>900 W galinga maisto d\u017eiovykl\u0117 su 10 metalin\u0117mis lentynomis<\/h2>\n<div>\n<ul>\n<li>10 metalini\u0173 d\u017eiovinimo lentyn\u0173<\/li>\n<li>900 W galingas kaitinimo elementas<\/li>\n<li>Reguliuojama 35-75 \u00b0C temperat\u016bra<\/li>\n<li>Efektyvi kar\u0161to oro cirkuliacijos sistema<\/li>\n<li>Nustatykite 24 valand\u0173 laikmat\u012f<\/li>\n<li>Tylus veikimas<\/li>\n<li>Automatinis i\u0161jungimas<\/li>\n<li>3 met\u0173 produkto garantija<\/li>\n<\/ul>\n<\/div>\n","protected":false},"featured_media":21019,"template":"","meta":{"_acf_changed":false},"product_brand":[],"product_cat":[426],"product_tag":[],"class_list":{"0":"post-21009","1":"product","2":"type-product","3":"status-publish","4":"has-post-thumbnail","6":"product_cat-maisto-dziovintuvai","8":"first","9":"instock","10":"taxable","11":"shipping-taxable","12":"purchasable","13":"product-type-simple"},"acf":[],"_links":{"self":[{"href":"https:\/\/stollar.eu\/lt\/wp-json\/wp\/v2\/product\/21009","targetHints":{"allow":["GET"]}}],"collection":[{"href":"https:\/\/stollar.eu\/lt\/wp-json\/wp\/v2\/product"}],"about":[{"href":"https:\/\/stollar.eu\/lt\/wp-json\/wp\/v2\/types\/product"}],"version-history":[{"count":0,"href":"https:\/\/stollar.eu\/lt\/wp-json\/wp\/v2\/product\/21009\/revisions"}],"wp:featuredmedia":[{"embeddable":true,"href":"https:\/\/stollar.eu\/lt\/wp-json\/wp\/v2\/media\/21019"}],"wp:attachment":[{"href":"https:\/\/stollar.eu\/lt\/wp-json\/wp\/v2\/media?parent=21009"}],"wp:term":[{"taxonomy":"product_brand","embeddable":true,"href":"https:\/\/stollar.eu\/lt\/wp-json\/wp\/v2\/product_brand?post=21009"},{"taxonomy":"product_cat","embeddable":true,"href":"https:\/\/stollar.eu\/lt\/wp-json\/wp\/v2\/product_cat?post=21009"},{"taxonomy":"product_tag","embeddable":true,"href":"https:\/\/stollar.eu\/lt\/wp-json\/wp\/v2\/product_tag?post=21009"}],"curies":[{"name":"wp","href":"https:\/\/api.w.org\/{rel}","templated":true}]}}