{"id":21006,"date":"2023-06-01T00:00:00","date_gmt":"2023-05-31T22:00:00","guid":{"rendered":"https:\/\/stollar.eu\/be-kategorijos\/vacuumfresh-vakuumine-pakuote-bvs450\/"},"modified":"2024-08-01T16:08:40","modified_gmt":"2024-08-01T14:08:40","slug":"the-vacuumfresh-vakuumavimo-aparatas-bvs450","status":"publish","type":"product","link":"https:\/\/stollar.eu\/lt\/vakuumatoriai\/the-vacuumfresh-vakuumavimo-aparatas-bvs450\/","title":{"rendered":"the VacuumFresh vakuumavimo aparatas BVS450"},"content":{"rendered":"","protected":false},"excerpt":{"rendered":"<h2>Itin kompakti\u0161ka vakuumin\u0117 pakuot\u0117 kasdieniam naudojimui.<\/h2>\n<div>\n<ul>\n<li>Galingas st\u016bmoklinis siurblys u\u017etikrina -0,6 baro vakuumo \u012fsiurbimo sl\u0117g\u012f<\/li>\n<li>6 l\/min vakuuminio siurbimo greitis<\/li>\n<li>Rankinis vakuumo nustatymas vakuumo sl\u0117giui reguliuoti pagal poreik\u012f<\/li>\n<li>Vamzd\u017eio jungtis d\u0117\u017eut\u0117ms ir kitiems priedams prijungti<\/li>\n<li>Viso dyd\u017eio 2,5 mm storio pakavimo \u012ftaisas tinka 30 cm plo\u010dio mai\u0161eliams ir mai\u0161eli\u0173 ritiniams.<\/li>\n<li>3 met\u0173 produkto garantija<\/li>\n<\/ul>\n<\/div>\n","protected":false},"featured_media":21013,"template":"","meta":{"_acf_changed":false},"product_brand":[],"product_cat":[425],"product_tag":[],"class_list":{"0":"post-21006","1":"product","2":"type-product","3":"status-publish","4":"has-post-thumbnail","6":"product_cat-vakuumatoriai","8":"first","9":"instock","10":"taxable","11":"shipping-taxable","12":"purchasable","13":"product-type-simple"},"acf":[],"_links":{"self":[{"href":"https:\/\/stollar.eu\/lt\/wp-json\/wp\/v2\/product\/21006","targetHints":{"allow":["GET"]}}],"collection":[{"href":"https:\/\/stollar.eu\/lt\/wp-json\/wp\/v2\/product"}],"about":[{"href":"https:\/\/stollar.eu\/lt\/wp-json\/wp\/v2\/types\/product"}],"version-history":[{"count":0,"href":"https:\/\/stollar.eu\/lt\/wp-json\/wp\/v2\/product\/21006\/revisions"}],"wp:featuredmedia":[{"embeddable":true,"href":"https:\/\/stollar.eu\/lt\/wp-json\/wp\/v2\/media\/21013"}],"wp:attachment":[{"href":"https:\/\/stollar.eu\/lt\/wp-json\/wp\/v2\/media?parent=21006"}],"wp:term":[{"taxonomy":"product_brand","embeddable":true,"href":"https:\/\/stollar.eu\/lt\/wp-json\/wp\/v2\/product_brand?post=21006"},{"taxonomy":"product_cat","embeddable":true,"href":"https:\/\/stollar.eu\/lt\/wp-json\/wp\/v2\/product_cat?post=21006"},{"taxonomy":"product_tag","embeddable":true,"href":"https:\/\/stollar.eu\/lt\/wp-json\/wp\/v2\/product_tag?post=21006"}],"curies":[{"name":"wp","href":"https:\/\/api.w.org\/{rel}","templated":true}]}}