{"id":20968,"date":"2024-06-01T00:00:00","date_gmt":"2024-05-31T22:00:00","guid":{"rendered":"https:\/\/stollar.eu\/be-kategorijos\/vacuum-pro-plus-vakuuminis-pakavimo-irenginys-bvs900\/"},"modified":"2025-03-11T17:30:04","modified_gmt":"2025-03-11T15:30:04","slug":"the-vacuum-pro-plus-vakuumavimo-aparatas-bvs900","status":"publish","type":"product","link":"https:\/\/stollar.eu\/lt\/vakuumatoriai\/the-vacuum-pro-plus-vakuumavimo-aparatas-bvs900\/","title":{"rendered":"the Vacuum Pro Plus vakuumavimo aparatas BVS900"},"content":{"rendered":"\t\t<div data-elementor-type=\"product-post\" data-elementor-id=\"20968\" class=\"elementor elementor-20968 elementor-16908\" data-elementor-post-type=\"product\">\n\t\t\t\t<div class=\"elementor-element elementor-element-42d34a6 e-flex e-con-boxed e-con e-parent\" data-id=\"42d34a6\" data-element_type=\"container\" data-e-type=\"container\">\n\t\t\t\t\t<div class=\"e-con-inner\">\n\t\t<div class=\"elementor-element elementor-element-789c426 e-con-full e-flex e-con e-child\" data-id=\"789c426\" data-element_type=\"container\" data-e-type=\"container\">\n\t\t\t\t<div class=\"elementor-element elementor-element-977672a elementor-widget elementor-widget-heading\" data-id=\"977672a\" data-element_type=\"widget\" data-e-type=\"widget\" data-widget_type=\"heading.default\">\n\t\t\t\t<div class=\"elementor-widget-container\">\n\t\t\t\t\t<h2 class=\"elementor-heading-title elementor-size-default\">Ilgiau i\u0161laikykite maist\u0105 \u0161vie\u017ei\u0105! Profesionalios technologijos vakuumin\u0117 pakuot\u0117<\/h2>\t\t\t\t<\/div>\n\t\t\t\t<\/div>\n\t\t\t\t<div class=\"elementor-element elementor-element-2200aa8 elementor-widget elementor-widget-text-editor\" data-id=\"2200aa8\" data-element_type=\"widget\" data-e-type=\"widget\" data-widget_type=\"text-editor.default\">\n\t\t\t\t<div class=\"elementor-widget-container\">\n\t\t\t\t\t\t\t\t\t<p>Profesionalios technologijos vakuumin\u0117 pakuot\u0117 &#8222;Stollar Vacuum Pro Plus BVS900&#8221; idealiai tinka ne tik kietiems maisto produktams, bet ir vis\u0173 r\u016b\u0161i\u0173 skys\u010diams &#8211; pada\u017eams, sriuboms ir sultiniams. Dvigubas didelio na\u0161umo siurblys u\u017etikrina 40 l\/min vakuumo siurbimo greit\u012f, o did\u017eiausias sl\u0117gis &#8211; 0,95 bar. Dvigubos lydymo juostos, tinkami 25 cm plo\u010dio mai\u0161ams ir mai\u0161\u0173 ritiniams.<\/p>\n\t\t\t\t\t\t\t\t<\/div>\n\t\t\t\t<\/div>\n\t\t\t\t<\/div>\n\t\t<div class=\"elementor-element elementor-element-bdc16d0 e-con-full e-flex e-con e-child\" data-id=\"bdc16d0\" data-element_type=\"container\" data-e-type=\"container\">\n\t\t\t\t<div class=\"elementor-element elementor-element-cfa399d elementor-widget elementor-widget-image\" data-id=\"cfa399d\" data-element_type=\"widget\" data-e-type=\"widget\" data-widget_type=\"image.default\">\n\t\t\t\t<div class=\"elementor-widget-container\">\n\t\t\t\t\t\t\t\t\t\t\t\t\t\t\t<img decoding=\"async\" width=\"1024\" height=\"1024\" src=\"https:\/\/stollar.eu\/wp-content\/uploads\/2024\/06\/bvs900-4-1024x1024.jpg\" class=\"attachment-large size-large wp-image-18801\" alt=\"\" srcset=\"https:\/\/stollar.eu\/wp-content\/uploads\/2024\/06\/bvs900-4-1024x1024.jpg 1024w, https:\/\/stollar.eu\/wp-content\/uploads\/2024\/06\/bvs900-4-300x300.jpg 300w, https:\/\/stollar.eu\/wp-content\/uploads\/2024\/06\/bvs900-4-150x150.jpg 150w, https:\/\/stollar.eu\/wp-content\/uploads\/2024\/06\/bvs900-4-768x768.jpg 768w, https:\/\/stollar.eu\/wp-content\/uploads\/2024\/06\/bvs900-4-1536x1536.jpg 1536w, https:\/\/stollar.eu\/wp-content\/uploads\/2024\/06\/bvs900-4-2048x2048.jpg 2048w, https:\/\/stollar.eu\/wp-content\/uploads\/2024\/06\/bvs900-4-200x200.jpg 200w, https:\/\/stollar.eu\/wp-content\/uploads\/2024\/06\/bvs900-4-623x623.jpg 623w, https:\/\/stollar.eu\/wp-content\/uploads\/2024\/06\/bvs900-4-100x100.jpg 100w\" sizes=\"(max-width: 1024px) 100vw, 1024px\">\t\t\t\t\t\t\t\t\t\t\t\t\t\t\t<\/div>\n\t\t\t\t<\/div>\n\t\t\t\t<\/div>\n\t\t\t\t\t<\/div>\n\t\t\t\t<\/div>\n\t\t\t\t<\/div>\n\t\t","protected":false},"excerpt":{"rendered":"<h3>Profesionalios technologijos vakuumin\u0117 pakuot\u0117 idealiai tinka vis\u0173 r\u016b\u0161i\u0173 skys\u010diams &#8211; pada\u017eams, sriuboms ir sultiniams.<\/h3>\n<div>\n<ul>\n<li>Dvigubos lydimo juostos itin saugiems mai\u0161eliams gaminti.<\/li>\n<li>Didelio na\u0161umo dvigubas siurblys u\u017etikrina maksimal\u0173 -0,95 bar vakuumo \u012fsiurbimo sl\u0117g\u012f<\/li>\n<li>40 l\/min vakuuminio siurbimo greitis<\/li>\n<li>Ypa\u010d saugios dvigubos lydymo juostos, tinkamos 25 cm plo\u010dio mai\u0161ams ir mai\u0161\u0173 ritiniams<\/li>\n<li>I\u0161samus valdymo skydelis su LED pa\u017eangos indikatoriumi<\/li>\n<li>Vamzd\u017eio jungtis skardin\u0117ms ir kitiems priedams prijungti.<\/li>\n<li>3 met\u0173 produkto garantija<\/li>\n<\/ul>\n<\/div>\n","protected":false},"featured_media":20992,"template":"","meta":{"_acf_changed":false},"product_brand":[],"product_cat":[425],"product_tag":[],"class_list":{"0":"post-20968","1":"product","2":"type-product","3":"status-publish","4":"has-post-thumbnail","6":"product_cat-vakuumatoriai","8":"first","9":"instock","10":"taxable","11":"shipping-taxable","12":"purchasable","13":"product-type-simple"},"acf":[],"_links":{"self":[{"href":"https:\/\/stollar.eu\/lt\/wp-json\/wp\/v2\/product\/20968","targetHints":{"allow":["GET"]}}],"collection":[{"href":"https:\/\/stollar.eu\/lt\/wp-json\/wp\/v2\/product"}],"about":[{"href":"https:\/\/stollar.eu\/lt\/wp-json\/wp\/v2\/types\/product"}],"version-history":[{"count":0,"href":"https:\/\/stollar.eu\/lt\/wp-json\/wp\/v2\/product\/20968\/revisions"}],"wp:featuredmedia":[{"embeddable":true,"href":"https:\/\/stollar.eu\/lt\/wp-json\/wp\/v2\/media\/20992"}],"wp:attachment":[{"href":"https:\/\/stollar.eu\/lt\/wp-json\/wp\/v2\/media?parent=20968"}],"wp:term":[{"taxonomy":"product_brand","embeddable":true,"href":"https:\/\/stollar.eu\/lt\/wp-json\/wp\/v2\/product_brand?post=20968"},{"taxonomy":"product_cat","embeddable":true,"href":"https:\/\/stollar.eu\/lt\/wp-json\/wp\/v2\/product_cat?post=20968"},{"taxonomy":"product_tag","embeddable":true,"href":"https:\/\/stollar.eu\/lt\/wp-json\/wp\/v2\/product_tag?post=20968"}],"curies":[{"name":"wp","href":"https:\/\/api.w.org\/{rel}","templated":true}]}}