{"id":20500,"date":"2023-06-01T00:00:00","date_gmt":"2023-05-31T22:00:00","guid":{"rendered":"https:\/\/stollar.eu\/?p=20500"},"modified":"2024-08-01T16:08:40","modified_gmt":"2024-08-01T14:08:40","slug":"the-morning-press-sumustiniu-keptuve-kps250","status":"publish","type":"product","link":"https:\/\/stollar.eu\/lt\/sumustiniu-keptuves\/the-morning-press-sumustiniu-keptuve-kps250\/","title":{"rendered":"the Morning Press sumu\u0161tini\u0173 keptuv\u0117 KPS250"},"content":{"rendered":"","protected":false},"excerpt":{"rendered":"<h2>2 riekeli\u0173 sumu\u0161tini\u0173 skrudintuvas su automatine temperat\u016bros kontrole.<\/h2>\n<div>\n<ul>\n<li>750 W galia<\/li>\n<li>Lengvai valomos nuo degimo apsaugotos plok\u0161t\u0117s<\/li>\n<li>\u012ejungimo ir parengties indikatoriai<\/li>\n<li>Automatinis temperat\u016bros valdymas<\/li>\n<li>2 met\u0173 produkto garantija<\/li>\n<\/ul>\n<\/div>\n","protected":false},"featured_media":20506,"template":"","meta":{"_acf_changed":false},"product_brand":[],"product_cat":[484],"product_tag":[],"class_list":{"0":"post-20500","1":"product","2":"type-product","3":"status-publish","4":"has-post-thumbnail","6":"product_cat-sumustiniu-keptuves","8":"first","9":"instock","10":"taxable","11":"shipping-taxable","12":"purchasable","13":"product-type-simple"},"acf":[],"_links":{"self":[{"href":"https:\/\/stollar.eu\/lt\/wp-json\/wp\/v2\/product\/20500","targetHints":{"allow":["GET"]}}],"collection":[{"href":"https:\/\/stollar.eu\/lt\/wp-json\/wp\/v2\/product"}],"about":[{"href":"https:\/\/stollar.eu\/lt\/wp-json\/wp\/v2\/types\/product"}],"version-history":[{"count":0,"href":"https:\/\/stollar.eu\/lt\/wp-json\/wp\/v2\/product\/20500\/revisions"}],"wp:featuredmedia":[{"embeddable":true,"href":"https:\/\/stollar.eu\/lt\/wp-json\/wp\/v2\/media\/20506"}],"wp:attachment":[{"href":"https:\/\/stollar.eu\/lt\/wp-json\/wp\/v2\/media?parent=20500"}],"wp:term":[{"taxonomy":"product_brand","embeddable":true,"href":"https:\/\/stollar.eu\/lt\/wp-json\/wp\/v2\/product_brand?post=20500"},{"taxonomy":"product_cat","embeddable":true,"href":"https:\/\/stollar.eu\/lt\/wp-json\/wp\/v2\/product_cat?post=20500"},{"taxonomy":"product_tag","embeddable":true,"href":"https:\/\/stollar.eu\/lt\/wp-json\/wp\/v2\/product_tag?post=20500"}],"curies":[{"name":"wp","href":"https:\/\/api.w.org\/{rel}","templated":true}]}}