{"id":20499,"date":"2023-06-01T00:00:00","date_gmt":"2023-05-31T22:00:00","guid":{"rendered":"https:\/\/stollar.eu\/?p=20499"},"modified":"2024-08-01T16:08:48","modified_gmt":"2024-08-01T14:08:48","slug":"the-mini-oven-krosnele-sto713","status":"publish","type":"product","link":"https:\/\/stollar.eu\/lt\/krosneles\/the-mini-oven-krosnele-sto713\/","title":{"rendered":"the Mini Oven krosnel\u0117 STO713"},"content":{"rendered":"","protected":false},"excerpt":{"rendered":"<h2>Kompakti\u0161ka 13 litr\u0173 talpos elektrin\u0117 orkait\u0117 su mechaniniu valdymu.<\/h2>\n<div>\n<ul>\n<li>Kompakti\u0161kas 13 litr\u0173 dydis<\/li>\n<li>1000 W galia<\/li>\n<li>Saug\u016bs liesti pavir\u0161iai, kad b\u016bt\u0173 saugiau naudoti<\/li>\n<li>Saugios liesti dvigubo stiklo durel\u0117s<\/li>\n<li>Vidini\u0173 orkait\u0117s sieneli\u0173 ir orkait\u0117s dangos nuo u\u017esidegimo<\/li>\n<li>60 minu\u010di\u0173 laikmatis<\/li>\n<li>2 kepimo auk\u0161\u010diai<\/li>\n<li>Lempa orkait\u0117s viduje<\/li>\n<li>2 met\u0173 produkto garantija<\/li>\n<\/ul>\n<\/div>\n","protected":false},"featured_media":20502,"template":"","meta":{"_acf_changed":false},"product_brand":[],"product_cat":[476],"product_tag":[],"class_list":{"0":"post-20499","1":"product","2":"type-product","3":"status-publish","4":"has-post-thumbnail","6":"product_cat-krosneles","8":"first","9":"instock","10":"taxable","11":"shipping-taxable","12":"purchasable","13":"product-type-simple"},"acf":[],"_links":{"self":[{"href":"https:\/\/stollar.eu\/lt\/wp-json\/wp\/v2\/product\/20499","targetHints":{"allow":["GET"]}}],"collection":[{"href":"https:\/\/stollar.eu\/lt\/wp-json\/wp\/v2\/product"}],"about":[{"href":"https:\/\/stollar.eu\/lt\/wp-json\/wp\/v2\/types\/product"}],"version-history":[{"count":0,"href":"https:\/\/stollar.eu\/lt\/wp-json\/wp\/v2\/product\/20499\/revisions"}],"wp:featuredmedia":[{"embeddable":true,"href":"https:\/\/stollar.eu\/lt\/wp-json\/wp\/v2\/media\/20502"}],"wp:attachment":[{"href":"https:\/\/stollar.eu\/lt\/wp-json\/wp\/v2\/media?parent=20499"}],"wp:term":[{"taxonomy":"product_brand","embeddable":true,"href":"https:\/\/stollar.eu\/lt\/wp-json\/wp\/v2\/product_brand?post=20499"},{"taxonomy":"product_cat","embeddable":true,"href":"https:\/\/stollar.eu\/lt\/wp-json\/wp\/v2\/product_cat?post=20499"},{"taxonomy":"product_tag","embeddable":true,"href":"https:\/\/stollar.eu\/lt\/wp-json\/wp\/v2\/product_tag?post=20499"}],"curies":[{"name":"wp","href":"https:\/\/api.w.org\/{rel}","templated":true}]}}