{"id":20462,"date":"2024-06-01T00:00:00","date_gmt":"2024-05-31T22:00:00","guid":{"rendered":"https:\/\/stollar.eu\/?p=20462"},"modified":"2024-08-01T16:10:52","modified_gmt":"2024-08-01T14:10:52","slug":"smart-air-fry-aerogrils-air760","status":"publish","type":"product","link":"https:\/\/stollar.eu\/lt\/karsto-oro-gruzdintuves\/smart-air-fry-aerogrils-air760\/","title":{"rendered":"the Smart Air Fry aerogrils AIR760"},"content":{"rendered":"","protected":false},"excerpt":{"rendered":"<h2>6 litr\u0173 talpos aerogrill keptuv\u0117 ir lengvas jutiklinis valdymas. Naudodami Smart Air Fry kar\u0161to oro cirkuliacijos sistem\u0105 galite kepti, gruzdinti, skrudinti, virti ir \u0161ildyti sveik\u0105 maist\u0105 visai \u0161eimai.<\/h2>\n<div>\n<ul>\n<li>8 i\u0161 anksto nustatytos programos<\/li>\n<li>1500 W galia<\/li>\n<li>6 litr\u0173 talpos keptuv\u0117<\/li>\n<li>80-200\u00b0C<\/li>\n<li>60 minu\u010di\u0173 laikmatis<\/li>\n<li>Greita kar\u0161to oro cirkuliacijos sistema<\/li>\n<li>Didelis LCD ekranas<\/li>\n<li>Jutiklinis valdymas<\/li>\n<li>Apsauga nuo perkaitimo<\/li>\n<li>2 met\u0173 produkto garantija<\/li>\n<\/ul>\n<\/div>\n","protected":false},"featured_media":20468,"template":"","meta":{"_acf_changed":false},"product_brand":[],"product_cat":[436],"product_tag":[],"class_list":{"0":"post-20462","1":"product","2":"type-product","3":"status-publish","4":"has-post-thumbnail","6":"product_cat-karsto-oro-gruzdintuves","8":"first","9":"instock","10":"taxable","11":"shipping-taxable","12":"purchasable","13":"product-type-simple"},"acf":[],"_links":{"self":[{"href":"https:\/\/stollar.eu\/lt\/wp-json\/wp\/v2\/product\/20462","targetHints":{"allow":["GET"]}}],"collection":[{"href":"https:\/\/stollar.eu\/lt\/wp-json\/wp\/v2\/product"}],"about":[{"href":"https:\/\/stollar.eu\/lt\/wp-json\/wp\/v2\/types\/product"}],"version-history":[{"count":0,"href":"https:\/\/stollar.eu\/lt\/wp-json\/wp\/v2\/product\/20462\/revisions"}],"wp:featuredmedia":[{"embeddable":true,"href":"https:\/\/stollar.eu\/lt\/wp-json\/wp\/v2\/media\/20468"}],"wp:attachment":[{"href":"https:\/\/stollar.eu\/lt\/wp-json\/wp\/v2\/media?parent=20462"}],"wp:term":[{"taxonomy":"product_brand","embeddable":true,"href":"https:\/\/stollar.eu\/lt\/wp-json\/wp\/v2\/product_brand?post=20462"},{"taxonomy":"product_cat","embeddable":true,"href":"https:\/\/stollar.eu\/lt\/wp-json\/wp\/v2\/product_cat?post=20462"},{"taxonomy":"product_tag","embeddable":true,"href":"https:\/\/stollar.eu\/lt\/wp-json\/wp\/v2\/product_tag?post=20462"}],"curies":[{"name":"wp","href":"https:\/\/api.w.org\/{rel}","templated":true}]}}