{"id":20425,"date":"2023-06-01T00:00:00","date_gmt":"2023-05-31T22:00:00","guid":{"rendered":"https:\/\/stollar.eu\/?p=20425"},"modified":"2024-08-01T16:08:50","modified_gmt":"2024-08-01T14:08:50","slug":"the-morning-press-sumustiniu-keptuve-kps350","status":"publish","type":"product","link":"https:\/\/stollar.eu\/lt\/sumustiniu-keptuves\/the-morning-press-sumustiniu-keptuve-kps350\/","title":{"rendered":"the Morning Press sumu\u0161tini\u0173 keptuv\u0117 KPS350"},"content":{"rendered":"","protected":false},"excerpt":{"rendered":"<h2>Sumu\u0161tini\u0173 skrudintuvas &#8222;trys viename&#8221; su nuimamomis grilio, sumu\u0161tini\u0173 ir vafli\u0173 plok\u0161tel\u0117mis.<\/h2>\n<div>\n<ul>\n<li>800 W galia<\/li>\n<li>Nuimamos l\u0117k\u0161t\u0117s su nuo degimo apsaugan\u010dia danga, kad b\u016bt\u0173 lengva valyti<\/li>\n<li>\u012ejungimo ir parengties indikatoriai<\/li>\n<li>Automatinis temperat\u016bros valdymas<\/li>\n<li>\u0160iuolaikinis ner\u016bdijan\u010dio plieno dizainas<\/li>\n<li>2 met\u0173 produkto garantija<\/li>\n<\/ul>\n<\/div>\n","protected":false},"featured_media":20428,"template":"","meta":{"_acf_changed":false},"product_brand":[],"product_cat":[484],"product_tag":[],"class_list":{"0":"post-20425","1":"product","2":"type-product","3":"status-publish","4":"has-post-thumbnail","6":"product_cat-sumustiniu-keptuves","8":"first","9":"instock","10":"taxable","11":"shipping-taxable","12":"purchasable","13":"product-type-simple"},"acf":[],"_links":{"self":[{"href":"https:\/\/stollar.eu\/lt\/wp-json\/wp\/v2\/product\/20425","targetHints":{"allow":["GET"]}}],"collection":[{"href":"https:\/\/stollar.eu\/lt\/wp-json\/wp\/v2\/product"}],"about":[{"href":"https:\/\/stollar.eu\/lt\/wp-json\/wp\/v2\/types\/product"}],"version-history":[{"count":0,"href":"https:\/\/stollar.eu\/lt\/wp-json\/wp\/v2\/product\/20425\/revisions"}],"wp:featuredmedia":[{"embeddable":true,"href":"https:\/\/stollar.eu\/lt\/wp-json\/wp\/v2\/media\/20428"}],"wp:attachment":[{"href":"https:\/\/stollar.eu\/lt\/wp-json\/wp\/v2\/media?parent=20425"}],"wp:term":[{"taxonomy":"product_brand","embeddable":true,"href":"https:\/\/stollar.eu\/lt\/wp-json\/wp\/v2\/product_brand?post=20425"},{"taxonomy":"product_cat","embeddable":true,"href":"https:\/\/stollar.eu\/lt\/wp-json\/wp\/v2\/product_cat?post=20425"},{"taxonomy":"product_tag","embeddable":true,"href":"https:\/\/stollar.eu\/lt\/wp-json\/wp\/v2\/product_tag?post=20425"}],"curies":[{"name":"wp","href":"https:\/\/api.w.org\/{rel}","templated":true}]}}