{"id":20374,"date":"2023-06-01T00:00:00","date_gmt":"2023-05-31T22:00:00","guid":{"rendered":"https:\/\/stollar.eu\/?p=20374"},"modified":"2024-08-01T16:08:51","modified_gmt":"2024-08-01T14:08:51","slug":"the-convection-oven-touch-krosnele-sto726","status":"publish","type":"product","link":"https:\/\/stollar.eu\/lt\/krosneles\/the-convection-oven-touch-krosnele-sto726\/","title":{"rendered":"the Convection Oven Touch krosnel\u0117 STO726"},"content":{"rendered":"","protected":false},"excerpt":{"rendered":"<h2>26 l konvekcin\u0117 orkait\u0117 su jutikliniu valdymo skydeliu.<\/h2>\n<div>\n<ul>\n<li>26 litr\u0173 talpa<\/li>\n<li>1500 W galia<\/li>\n<li>150 minu\u010di\u0173 laikmatis<\/li>\n<li>Temperat\u016bros reguliavimas iki 230 \u00b0C<\/li>\n<li>9 i\u0161 anksto nustatytos gaminimo programos<\/li>\n<li>Informatyvus LED ekranas<\/li>\n<li>Konvekcinis ventiliatorius, pagreitinantis gaminimo proces\u0105<\/li>\n<li>Saug\u016bs liesti pavir\u0161iai, kad b\u016bt\u0173 saugiau naudoti<\/li>\n<li>Saugios liesti dvigubo stiklo durel\u0117s<\/li>\n<li>Kepimo skardos (36 x 30,5 cm) ir vidini\u0173 orkait\u0117s sieneli\u0173 danga, apsauganti nuo apdegimo<\/li>\n<li>3 kepimo auk\u0161\u010diai<\/li>\n<li>2 met\u0173 produkto garantija<\/li>\n<\/ul>\n<\/div>\n","protected":false},"featured_media":20381,"template":"","meta":{"_acf_changed":false},"product_brand":[],"product_cat":[476],"product_tag":[],"class_list":{"0":"post-20374","1":"product","2":"type-product","3":"status-publish","4":"has-post-thumbnail","6":"product_cat-krosneles","8":"first","9":"instock","10":"taxable","11":"shipping-taxable","12":"purchasable","13":"product-type-simple"},"acf":[],"_links":{"self":[{"href":"https:\/\/stollar.eu\/lt\/wp-json\/wp\/v2\/product\/20374","targetHints":{"allow":["GET"]}}],"collection":[{"href":"https:\/\/stollar.eu\/lt\/wp-json\/wp\/v2\/product"}],"about":[{"href":"https:\/\/stollar.eu\/lt\/wp-json\/wp\/v2\/types\/product"}],"version-history":[{"count":0,"href":"https:\/\/stollar.eu\/lt\/wp-json\/wp\/v2\/product\/20374\/revisions"}],"wp:featuredmedia":[{"embeddable":true,"href":"https:\/\/stollar.eu\/lt\/wp-json\/wp\/v2\/media\/20381"}],"wp:attachment":[{"href":"https:\/\/stollar.eu\/lt\/wp-json\/wp\/v2\/media?parent=20374"}],"wp:term":[{"taxonomy":"product_brand","embeddable":true,"href":"https:\/\/stollar.eu\/lt\/wp-json\/wp\/v2\/product_brand?post=20374"},{"taxonomy":"product_cat","embeddable":true,"href":"https:\/\/stollar.eu\/lt\/wp-json\/wp\/v2\/product_cat?post=20374"},{"taxonomy":"product_tag","embeddable":true,"href":"https:\/\/stollar.eu\/lt\/wp-json\/wp\/v2\/product_tag?post=20374"}],"curies":[{"name":"wp","href":"https:\/\/api.w.org\/{rel}","templated":true}]}}