{"id":20305,"date":"2023-06-01T00:00:00","date_gmt":"2023-05-31T22:00:00","guid":{"rendered":"https:\/\/stollar.eu\/?p=20305"},"modified":"2024-08-01T16:08:59","modified_gmt":"2024-08-01T14:08:59","slug":"power-grind-bmg420-mesmale","status":"publish","type":"product","link":"https:\/\/stollar.eu\/lt\/mesmales\/power-grind-bmg420-mesmale\/","title":{"rendered":"the Power Grind BMG420 m\u0117smal\u0117"},"content":{"rendered":"","protected":false},"excerpt":{"rendered":"<h2>Galinga 1350 W m\u0117smal\u0117 su 2 ner\u016bdijan\u010dio plieno malimo diskais.<\/h2>\n<div>\n<ul>\n<li>Did\u017eiausia galia 1350 W<\/li>\n<li>\u012ejungimo\/i\u0161jungimo ir atbulin\u0117s eigos klavi\u0161as<\/li>\n<li>Lengvai valomas produkt\u0173 padavimo vamzdelis<\/li>\n<li>Lengvai naudojamas de\u0161r\u0173 antgalis<\/li>\n<li>Ner\u016bdijan\u010dio plieno diskai smulkiam ir stambiam malimui<\/li>\n<li>Automatinis saugos jungiklis<\/li>\n<li>3 met\u0173 produkto garantija<\/li>\n<\/ul>\n<\/div>\n","protected":false},"featured_media":20319,"template":"","meta":{"_acf_changed":false},"product_brand":[],"product_cat":[429],"product_tag":[],"class_list":{"0":"post-20305","1":"product","2":"type-product","3":"status-publish","4":"has-post-thumbnail","6":"product_cat-mesmales","8":"first","9":"instock","10":"taxable","11":"shipping-taxable","12":"purchasable","13":"product-type-simple"},"acf":[],"_links":{"self":[{"href":"https:\/\/stollar.eu\/lt\/wp-json\/wp\/v2\/product\/20305","targetHints":{"allow":["GET"]}}],"collection":[{"href":"https:\/\/stollar.eu\/lt\/wp-json\/wp\/v2\/product"}],"about":[{"href":"https:\/\/stollar.eu\/lt\/wp-json\/wp\/v2\/types\/product"}],"version-history":[{"count":0,"href":"https:\/\/stollar.eu\/lt\/wp-json\/wp\/v2\/product\/20305\/revisions"}],"wp:featuredmedia":[{"embeddable":true,"href":"https:\/\/stollar.eu\/lt\/wp-json\/wp\/v2\/media\/20319"}],"wp:attachment":[{"href":"https:\/\/stollar.eu\/lt\/wp-json\/wp\/v2\/media?parent=20305"}],"wp:term":[{"taxonomy":"product_brand","embeddable":true,"href":"https:\/\/stollar.eu\/lt\/wp-json\/wp\/v2\/product_brand?post=20305"},{"taxonomy":"product_cat","embeddable":true,"href":"https:\/\/stollar.eu\/lt\/wp-json\/wp\/v2\/product_cat?post=20305"},{"taxonomy":"product_tag","embeddable":true,"href":"https:\/\/stollar.eu\/lt\/wp-json\/wp\/v2\/product_tag?post=20305"}],"curies":[{"name":"wp","href":"https:\/\/api.w.org\/{rel}","templated":true}]}}