{"id":20273,"date":"2023-06-01T00:00:00","date_gmt":"2023-05-31T22:00:00","guid":{"rendered":"https:\/\/stollar.eu\/be-kategorijos\/power-grind-bmg750-mesmale\/"},"modified":"2024-08-01T16:09:01","modified_gmt":"2024-08-01T14:09:01","slug":"power-grind-bmg750-mesmale","status":"publish","type":"product","link":"https:\/\/stollar.eu\/lt\/mesmales\/power-grind-bmg750-mesmale\/","title":{"rendered":"the Power Grind BMG750 m\u0117smal\u0117"},"content":{"rendered":"","protected":false},"excerpt":{"rendered":"<h3>Galinga 2200 W m\u0117smal\u0117 su tvirtais metaliniais krumpliara\u010diais ir kokybi\u0161kai besisukan\u010diu maisto smulkintuvu.<\/h3>\n<div>\n<ul>\n<li>Did\u017eiausia galia: 2200 W<\/li>\n<li>Tvirtas lieto aliuminio korpusas<\/li>\n<li>Tvirta metalin\u0117 pavara<\/li>\n<li>Metalin\u0117 grei\u010dio d\u0117\u017e\u0117<\/li>\n<li>2 grei\u010dio nustatymai ir atbulin\u0117s eigos re\u017eimas<\/li>\n<li>Rotacinis maisto smulkintuvas su pjaustymo, smulkinimo ir kapojimo cilindrais<\/li>\n<li>Ner\u016bdijan\u010dio plieno diskai smulkiam ir stambiam malimui<\/li>\n<li>Dengtas indas m\u0117sos malimo diskams ir de\u0161r\u0173 priedams laikyti<\/li>\n<li>3 met\u0173 produkto garantija<\/li>\n<\/ul>\n<\/div>\n","protected":false},"featured_media":20276,"template":"","meta":{"_acf_changed":false},"product_brand":[],"product_cat":[429],"product_tag":[],"class_list":{"0":"post-20273","1":"product","2":"type-product","3":"status-publish","4":"has-post-thumbnail","6":"product_cat-mesmales","8":"first","9":"instock","10":"taxable","11":"shipping-taxable","12":"purchasable","13":"product-type-simple"},"acf":[],"_links":{"self":[{"href":"https:\/\/stollar.eu\/lt\/wp-json\/wp\/v2\/product\/20273","targetHints":{"allow":["GET"]}}],"collection":[{"href":"https:\/\/stollar.eu\/lt\/wp-json\/wp\/v2\/product"}],"about":[{"href":"https:\/\/stollar.eu\/lt\/wp-json\/wp\/v2\/types\/product"}],"version-history":[{"count":0,"href":"https:\/\/stollar.eu\/lt\/wp-json\/wp\/v2\/product\/20273\/revisions"}],"wp:featuredmedia":[{"embeddable":true,"href":"https:\/\/stollar.eu\/lt\/wp-json\/wp\/v2\/media\/20276"}],"wp:attachment":[{"href":"https:\/\/stollar.eu\/lt\/wp-json\/wp\/v2\/media?parent=20273"}],"wp:term":[{"taxonomy":"product_brand","embeddable":true,"href":"https:\/\/stollar.eu\/lt\/wp-json\/wp\/v2\/product_brand?post=20273"},{"taxonomy":"product_cat","embeddable":true,"href":"https:\/\/stollar.eu\/lt\/wp-json\/wp\/v2\/product_cat?post=20273"},{"taxonomy":"product_tag","embeddable":true,"href":"https:\/\/stollar.eu\/lt\/wp-json\/wp\/v2\/product_tag?post=20273"}],"curies":[{"name":"wp","href":"https:\/\/api.w.org\/{rel}","templated":true}]}}